{"id":1355,"date":"2021-03-31T08:34:02","date_gmt":"2021-03-31T08:34:02","guid":{"rendered":"http:\/\/socialaccountabilityhealth.org\/guia-institucional\/"},"modified":"2025-05-07T04:54:01","modified_gmt":"2025-05-07T04:54:01","slug":"guia-institucional","status":"publish","type":"page","link":"https:\/\/socialaccountabilityhealth.org\/pt-pt\/guia-institucional\/","title":{"rendered":"Guia Institucional"},"content":{"rendered":"\t\t<div data-elementor-type=\"wp-page\" data-elementor-id=\"1355\" class=\"elementor elementor-1355 elementor-21\" data-elementor-post-type=\"page\">\n\t\t\t\t\t\t<section class=\"elementor-section elementor-top-section elementor-element elementor-element-7ea50632 elementor-section-boxed elementor-section-height-default elementor-section-height-default\" data-id=\"7ea50632\" data-element_type=\"section\" data-e-type=\"section\">\n\t\t\t\t\t\t<div class=\"elementor-container elementor-column-gap-default\">\n\t\t\t\t\t<div class=\"elementor-column elementor-col-100 elementor-top-column elementor-element elementor-element-51362ef0\" data-id=\"51362ef0\" data-element_type=\"column\" data-e-type=\"column\">\n\t\t\t<div class=\"elementor-widget-wrap elementor-element-populated\">\n\t\t\t\t\t\t<div class=\"elementor-element elementor-element-5e5e7f73 elementor-widget elementor-widget-text-editor\" data-id=\"5e5e7f73\" data-element_type=\"widget\" data-e-type=\"widget\" data-widget_type=\"text-editor.default\">\n\t\t\t\t<div class=\"elementor-widget-container\">\n\t\t\t\t\t\t\t\t\t<p>\n\t<section class=\"section\" id=\"section_1318022081\">\n\t\t<div class=\"section-bg fill\" >\n\t\t\t\t\t\t\t\t\t\n\t\t\t\n\n\t\t<\/div>\n\n\t\t\n\n\t\t<div class=\"section-content relative\">\n\t\t\t\t<div id=\"gap-1096593550\" class=\"gap-element clearfix\" style=\"display:block; height:auto;\">\n\t\t\n<style>\n#gap-1096593550 {\n  padding-top: 51px;\n}\n@media (min-width:850px) {\n  #gap-1096593550 {\n    padding-top: 70px;\n  }\n}\n<\/style>\n\t<\/div>\n\t<div class=\"row\"  id=\"row-1186353662\">\n\t<div id=\"col-1808589630\" class=\"col small-12 large-12\"  >\n\t\t\t\t<div class=\"col-inner\"  >\n\t\t\t\n\t\t\t<h1>Vis\u00e3o geral<\/h1><div class=\"is-divider divider clearfix\" style=\"margin-top:0.5em;margin-bottom:0.5em;max-width:100%;height:1px;background-color:rgb(0, 0, 0);\"><\/div>\t\t<\/div>\n\t\t\t\t\t<\/div>\n\n\t<\/div><div class=\"row\"  id=\"row-52943431\">\n\t<div id=\"col-938143246\" class=\"col medium-6 small-12 large-6\"  >\n\t\t\t\t<div class=\"col-inner\"  >\n\t\t\t\n\t\t\t<p>Esta Ferramenta de Responsabilidade Social de Autoavalia\u00e7\u00e3o Institucional (ISAT) ajuda as institui\u00e7\u00f5es a se tornarem mais Socialmente Respons\u00e1veis \u200b\u200bperante o p\u00fablico e as pessoas que servem. \u00c9 um sistema de classifica\u00e7\u00e3o imparcial, objetivo e baseado em n\u00fameros para avaliar as institui\u00e7\u00f5es de sa\u00fade mais conhecidas e algumas menos conhecidas, mas dignas, do mundo. O ISAT inclui as seguintes componentes principais: recrutamento, sele\u00e7\u00e3o e apoio aos estudantes; recrutamento e desenvolvimento de professores; o qu\u00ea, como e onde os estudantes aprendem; atividades de investiga\u00e7\u00e3o; governa\u00e7a e envolvimento das partes interessadas; resultados escolares; e impacto social. Cada componente central est\u00e1 dividido em quatro fases de desenvolvimento e inclui marcos, padr\u00f5es e indicadores.<\/p>\t\t<\/div>\n\t\t\t\t\t<\/div>\n\n\t\n\t<div id=\"col-25525675\" class=\"col medium-6 small-12 large-6\"  >\n\t\t\t\t<div class=\"col-inner\"  >\n\t\t\t\n\t\t\t<p>O processo de verifica\u00e7\u00e3o do ISAT demonstra a dedica\u00e7\u00e3o de uma institui\u00e7\u00e3o em responder \u00e0s necessidades priorit\u00e1rias de sa\u00fade das pessoas e da sociedade hoje e no futuro. Esta \u00e9 uma comunidade de l\u00edderes, impulsionando um movimento global de pessoas usando a responsabilidade social como uma for\u00e7a para o bem. Disponibilizamos esses perfis institucionais para que o p\u00fablico possa tomar decis\u00f5es inteligentes.<\/p>\t\t<\/div>\n\t\t\t\t\t<\/div>\n\n\t<\/div>\t\t<\/div>\n\n\t\t\n<style>\n#section_1318022081 {\n  padding-top: 0px;\n  padding-bottom: 0px;\n}\n<\/style>\n\t<\/section>\n\t\n\t<section class=\"section\" id=\"section_10458327\">\n\t\t<div class=\"section-bg fill\" >\n\t\t\t\t\t\t\t\t\t\n\t\t\t\n\n\t\t<\/div>\n\n\t\t\n\n\t\t<div class=\"section-content relative\">\n\t\t\t\t<div id=\"gap-461438618\" class=\"gap-element clearfix\" style=\"display:block; height:auto;\">\n\t\t\n<style>\n#gap-461438618 {\n  padding-top: 35px;\n}\n<\/style>\n\t<\/div>\n\t<div class=\"row\"  id=\"row-1629247304\">\n\t<div id=\"col-381054806\" class=\"col small-12 large-12\"  >\n\t\t\t\t<div class=\"col-inner\"  >\n\t\t\t\n\t\t\t<h1>Processo<\/h1><div class=\"is-divider divider clearfix\" style=\"margin-top:0.5em;margin-bottom:0.5em;max-width:100%;height:1px;background-color:rgb(0, 0, 0);\"><\/div>\t\t<\/div>\n\t\t\t\t\t<\/div>\n\n\t<\/div><div class=\"row\"  id=\"row-1526142025\">\n\t<div id=\"col-1623366346\" class=\"col medium-6 small-12 large-6\"  >\n\t\t\t\t<div class=\"col-inner\"  >\n\t\t\t\n\t\t\t<p>Essa ferramenta de autoavalia\u00e7\u00e3o institucional de Responsabilidade Social visa auxiliar as institui\u00e7\u00f5es a se tornarem mais Socialmente Respons\u00e1veis \u200b\u200bperante o p\u00fablico e as pessoas que atendem. \u00c9 um sistema de classifica\u00e7\u00e3o imparcial, objetivo e baseado em n\u00fameros para avaliar as institui\u00e7\u00f5es de sa\u00fade mais conhecidas e algumas menos conhecidas, mas valiosas. Especificamente, esta ferramenta examina tr\u00eas grandes \u00e1reas do desempenho de uma institui\u00e7\u00e3o; sua Fase de Desenvolvimento de acordo com os Padr\u00f5es de Responsabilidade Social, Parte Interessada<\/p>\t\t<\/div>\n\t\t\t\t\t<\/div>\n\n\t\n\t<div id=\"col-5561860\" class=\"col medium-6 small-12 large-6\"  >\n\t\t\t\t<div class=\"col-inner\"  >\n\t\t\t\n\t\t\t<p>Engajamento e Planos de A\u00e7\u00e3o para se tornar mais Socialmente Respons\u00e1vel e Transparente.\u00a0 Essas classifica\u00e7\u00f5es s\u00e3o um selo de aprova\u00e7\u00e3o ao demonstrar a dedica\u00e7\u00e3o e o progresso das institui\u00e7\u00f5es. As institui\u00e7\u00f5es n\u00e3o listadas podem presumir que n\u00e3o conclu\u00edram o processo de avalia\u00e7\u00e3o.\u00a0<\/p><p>Veja abaixo o GUIA ISAT completo e a FERRAMENTA ISAT para fornecer a voc\u00ea o hist\u00f3rico, os antecedentes e os detalhes da ferramenta para orientar sua institui\u00e7\u00e3o no processo de autoavalia\u00e7\u00e3o ISAT.<\/p>\t\t<\/div>\n\t\t\t\t\t<\/div>\n\n\t<\/div>\t\t<\/div>\n\n\t\t\n<style>\n#section_10458327 {\n  padding-top: 0px;\n  padding-bottom: 0px;\n}\n<\/style>\n\t<\/section>\n\t\t\t\t\t\t\t\t\t<\/div>\n\t\t\t\t<\/div>\n\t\t\t\t\t<\/div>\n\t\t<\/div>\n\t\t\t\t\t<\/div>\n\t\t<\/section>\n\t\t\t\t<section class=\"elementor-section elementor-top-section elementor-element elementor-element-4fae697 elementor-section-boxed elementor-section-height-default elementor-section-height-default\" data-id=\"4fae697\" data-element_type=\"section\" data-e-type=\"section\">\n\t\t\t\t\t\t<div class=\"elementor-container elementor-column-gap-default\">\n\t\t\t\t\t<div class=\"elementor-column elementor-col-100 elementor-top-column elementor-element elementor-element-c51269e\" data-id=\"c51269e\" data-element_type=\"column\" data-e-type=\"column\">\n\t\t\t<div class=\"elementor-widget-wrap elementor-element-populated\">\n\t\t\t\t\t\t<div class=\"elementor-element elementor-element-b776a0c elementor-align-center elementor-widget elementor-widget-button\" data-id=\"b776a0c\" data-element_type=\"widget\" data-e-type=\"widget\" data-widget_type=\"button.default\">\n\t\t\t\t<div class=\"elementor-widget-container\">\n\t\t\t\t\t\t\t\t\t<div class=\"elementor-button-wrapper\">\n\t\t\t\t\t<a class=\"elementor-button elementor-button-link elementor-size-sm\" href=\"https:\/\/socialaccountabilityhealth.org\/wp-content\/uploads\/2025\/04\/ISAT_2.0_Guia-da-Ferramenta-de-Autoavaliacao-ISAT-Portuguese-2.pdf\" target=\"_blank\">\n\t\t\t\t\t\t<span class=\"elementor-button-content-wrapper\">\n\t\t\t\t\t\t\t\t\t<span class=\"elementor-button-text\">SAT 2.0 Guia da Ferramenta de Autoavaliacao<\/span>\n\t\t\t\t\t<\/span>\n\t\t\t\t\t<\/a>\n\t\t\t\t<\/div>\n\t\t\t\t\t\t\t\t<\/div>\n\t\t\t\t<\/div>\n\t\t\t\t<div class=\"elementor-element elementor-element-adf65f0 elementor-align-center elementor-widget elementor-widget-button\" data-id=\"adf65f0\" data-element_type=\"widget\" data-e-type=\"widget\" data-widget_type=\"button.default\">\n\t\t\t\t<div class=\"elementor-widget-container\">\n\t\t\t\t\t\t\t\t\t<div class=\"elementor-button-wrapper\">\n\t\t\t\t\t<a class=\"elementor-button elementor-button-link elementor-size-sm\" href=\"https:\/\/socialaccountabilityhealth.org\/wp-content\/uploads\/2025\/04\/ISAT-2.0-Aplicacao-Portugues-EXCEL.xlsx\" target=\"_blank\">\n\t\t\t\t\t\t<span class=\"elementor-button-content-wrapper\">\n\t\t\t\t\t\t\t\t\t<span class=\"elementor-button-text\">ISAT 2.0 Aplica\u00e7\u00e3o Portugu\u00eas EXCEL<\/span>\n\t\t\t\t\t<\/span>\n\t\t\t\t\t<\/a>\n\t\t\t\t<\/div>\n\t\t\t\t\t\t\t\t<\/div>\n\t\t\t\t<\/div>\n\t\t\t\t\t<\/div>\n\t\t<\/div>\n\t\t\t\t\t<\/div>\n\t\t<\/section>\n\t\t\t\t<section class=\"elementor-section elementor-top-section elementor-element elementor-element-6f43828 elementor-section-boxed elementor-section-height-default elementor-section-height-default\" data-id=\"6f43828\" data-element_type=\"section\" data-e-type=\"section\">\n\t\t\t\t\t\t<div class=\"elementor-container elementor-column-gap-default\">\n\t\t\t\t\t<div class=\"elementor-column elementor-col-100 elementor-top-column elementor-element elementor-element-1bbf4ed\" data-id=\"1bbf4ed\" data-element_type=\"column\" data-e-type=\"column\">\n\t\t\t<div class=\"elementor-widget-wrap elementor-element-populated\">\n\t\t\t\t\t\t<div class=\"elementor-element elementor-element-11c686d elementor-widget elementor-widget-video\" data-id=\"11c686d\" data-element_type=\"widget\" data-e-type=\"widget\" data-settings=\"{&quot;youtube_url&quot;:&quot;https:\\\/\\\/youtu.be\\\/a4wa3DVO84I&quot;,&quot;video_type&quot;:&quot;youtube&quot;,&quot;controls&quot;:&quot;yes&quot;}\" data-widget_type=\"video.default\">\n\t\t\t\t<div class=\"elementor-widget-container\">\n\t\t\t\t\t\t\t<div class=\"elementor-wrapper elementor-open-inline\">\n\t\t\t<div class=\"elementor-video\"><\/div>\t\t<\/div>\n\t\t\t\t\t\t<\/div>\n\t\t\t\t<\/div>\n\t\t\t\t\t<\/div>\n\t\t<\/div>\n\t\t\t\t\t<\/div>\n\t\t<\/section>\n\t\t\t\t<section class=\"elementor-section elementor-top-section elementor-element elementor-element-993670f elementor-section-boxed elementor-section-height-default elementor-section-height-default\" data-id=\"993670f\" data-element_type=\"section\" data-e-type=\"section\">\n\t\t\t\t\t\t<div class=\"elementor-container elementor-column-gap-default\">\n\t\t\t\t\t<div class=\"elementor-column elementor-col-100 elementor-top-column elementor-element elementor-element-6e10875\" data-id=\"6e10875\" data-element_type=\"column\" data-e-type=\"column\">\n\t\t\t<div class=\"elementor-widget-wrap elementor-element-populated\">\n\t\t\t\t\t\t<div class=\"elementor-element elementor-element-8e1d682 elementor-widget elementor-widget-text-editor\" data-id=\"8e1d682\" data-element_type=\"widget\" data-e-type=\"widget\" data-widget_type=\"text-editor.default\">\n\t\t\t\t<div class=\"elementor-widget-container\">\n\t\t\t\t\t\t\t\t\t<p><strong>Como habilitar legendas e tradu\u00e7\u00f5es em um v\u00eddeo do YouTube <\/strong><\/p><p>1. Abrir o v\u00eddeo: Acesse o YouTube e reproduza o v\u00eddeo que deseja assistir.<\/p><p>2. Ativar legendas: \u2022 Clique no bot\u00e3o \u201cCC\u201d na parte inferior do v\u00eddeo para ativar as legendas.<\/p><p>3. Alterar o idioma da legenda: \u2022 Clique no \u00edcone de engrenagem (Configura\u00e7\u00f5es). \u2022 Selecione \u201cLegendas\/CC\u201d e escolha o idioma desejado. \u2022 Se o idioma n\u00e3o estiver dispon\u00edvel, selecione \u201cTradu\u00e7\u00e3o autom\u00e1tica\u201d e escolha na lista.<\/p>\t\t\t\t\t\t\t\t<\/div>\n\t\t\t\t<\/div>\n\t\t\t\t\t<\/div>\n\t\t<\/div>\n\t\t\t\t\t<\/div>\n\t\t<\/section>\n\t\t\t\t<\/div>\n\t\t","protected":false},"excerpt":{"rendered":"<p>SAT 2.0 Guia da Ferramenta de Autoavaliacao ISAT 2.0 Aplica\u00e7\u00e3o Portugu\u00eas EXCEL https:\/\/youtu.be\/a4wa3DVO84I Como habilitar legendas e tradu\u00e7\u00f5es em um v\u00eddeo do YouTube 1. Abrir o v\u00eddeo: Acesse o YouTube e reproduza o v\u00eddeo que deseja assistir. 2. Ativar legendas: \u2022 Clique no bot\u00e3o \u201cCC\u201d na parte inferior do v\u00eddeo para ativar as legendas. 3. [&#8230;]\n","protected":false},"author":1,"featured_media":0,"parent":0,"menu_order":0,"comment_status":"closed","ping_status":"closed","template":"","meta":{"_acf_changed":false,"footnotes":""},"class_list":["post-1355","page","type-page","status-publish","hentry"],"acf":[],"_links":{"self":[{"href":"https:\/\/socialaccountabilityhealth.org\/pt-pt\/wp-json\/wp\/v2\/pages\/1355","targetHints":{"allow":["GET"]}}],"collection":[{"href":"https:\/\/socialaccountabilityhealth.org\/pt-pt\/wp-json\/wp\/v2\/pages"}],"about":[{"href":"https:\/\/socialaccountabilityhealth.org\/pt-pt\/wp-json\/wp\/v2\/types\/page"}],"author":[{"embeddable":true,"href":"https:\/\/socialaccountabilityhealth.org\/pt-pt\/wp-json\/wp\/v2\/users\/1"}],"replies":[{"embeddable":true,"href":"https:\/\/socialaccountabilityhealth.org\/pt-pt\/wp-json\/wp\/v2\/comments?post=1355"}],"version-history":[{"count":17,"href":"https:\/\/socialaccountabilityhealth.org\/pt-pt\/wp-json\/wp\/v2\/pages\/1355\/revisions"}],"predecessor-version":[{"id":2943,"href":"https:\/\/socialaccountabilityhealth.org\/pt-pt\/wp-json\/wp\/v2\/pages\/1355\/revisions\/2943"}],"wp:attachment":[{"href":"https:\/\/socialaccountabilityhealth.org\/pt-pt\/wp-json\/wp\/v2\/media?parent=1355"}],"curies":[{"name":"wp","href":"https:\/\/api.w.org\/{rel}","templated":true}]}}