{"id":1352,"date":"2022-10-03T19:31:12","date_gmt":"2022-10-03T19:31:12","guid":{"rendered":"http:\/\/socialaccountabilityhealth.org\/como-comprar-ensaio-on-line\/"},"modified":"2022-10-03T19:31:12","modified_gmt":"2022-10-03T19:31:12","slug":"como-comprar-ensaio-on-line","status":"publish","type":"page","link":"https:\/\/socialaccountabilityhealth.org\/pt-pt\/como-comprar-ensaio-on-line\/","title":{"rendered":"Como comprar ensaio on-line"},"content":{"rendered":"<\/p>\n<p>Se voc\u00ea \u00e9 uma das in\u00fameras pessoas que querem saber como escrever um artigo on-line, provavelmente vou falar sobre uma estrat\u00e9gia comprovada que fornecer\u00e1 v\u00e1rias boas estrat\u00e9gias sobre a melhor maneira de obter um ensaio on-line. A quantidade de alunos que optam por utilizar este m\u00e9todo tem crescido de forma muito constante nos \u00faltimos anos e este guia <!--more--> mostrar\u00e1 exatamente o que voc\u00ea precisa saber para come\u00e7ar.<\/p>\n<p>Eu estava em mente alguns anos atr\u00e1s quando decidi voltar para a faculdade e pesquisar para compor meu <a href=\"https:\/\/spellcheck.top\/\">pr\u00f3prio corretor ortogr\u00e1fico<\/a> do site para os trabalhos da faculdade. Meus pais me pediram para ajud\u00e1-los com alguns trabalhos de reda\u00e7\u00e3o para minha faculdade e eu acreditava que essa seria uma maneira extremamente maravilhosa de passar algum tempo entre os estudos. Depois que meus pais fizeram arranjos para eu estar em casa nos meses de ver\u00e3o, eles me levaram para um jantar comemorativo.<\/p>\n<p>Eles disseram que era hora de eu ter um novo foco em mim mesmo e tomar melhores decis\u00f5es sobre minha carreira. Eu tinha acabado de come\u00e7ar a me exercitar diariamente e queria revelar que estava mantendo minha agenda e estava indo bem.<\/p>\n<p>Quando cheguei em casa, perguntei aos meus pais como conseguir reda\u00e7\u00f5es online e eles me disseram que eu deveria come\u00e7ar a procurar bolsas de estudos para autores que foram dadas na faculdade. Meu pai continuou me dizendo que acreditava que essa era uma \u00f3tima ideia e que havia lido v\u00e1rios artigos que afirmavam que muitos alunos n\u00e3o eram os <a href=\"https:\/\/grammarcorrector.top\/punctuation-checker\">melhores verificadores de pontua\u00e7\u00e3o gratuitos<\/a> buscando essa alternativa. Ele pensou que esta \u00e9 uma excelente maneira de me inspirar a me tornar um autor e ele estava certo.<\/p>\n<p>Eu queria ajudar outras pessoas, ent\u00e3o comecei a procurar maneiras de me tornar um escritor e, eventualmente, come\u00e7ar um empreendimento de escrita online. Depois que descobri esse tipo de escrita, eu sabia que precisava ser um autor online, pois era mais desafiador do que qualquer coisa que eu j\u00e1 havia feito anteriormente.<\/p>\n<p>Meu pai fez o poss\u00edvel para me encorajar a comprar ensaios on-line, mas eu hesitei no come\u00e7o. Uma vez que finalmente fui em frente e comprei o assunto do artigo, descobri que realmente gostei do processo e foi muito divertido.<\/p>\n<p>Eu tamb\u00e9m sabia que era importante escrever meu pr\u00f3prio ensaio, ent\u00e3o comecei a tirar o m\u00e1ximo proveito dele. Demorei um pouco para chegar \u00e0s no\u00e7\u00f5es, mas assim que consegui, consegui reunir uma composi\u00e7\u00e3o bem escrita e brilhante que me deixou satisfeito comigo mesmo.<\/p>\n<p>Se voc\u00ea estiver interessado em descobrir como comprar artigos on-line, fa\u00e7a um favor a si mesmo e siga estas estrat\u00e9gias. Eu sei que demorei um pouco para come\u00e7ar, mas assim que o fiz, consegui escrever v\u00e1rios ensaios com os quais estou bastante satisfeito.<\/p>\n","protected":false},"excerpt":{"rendered":"<p>Se voc\u00ea \u00e9 uma das in\u00fameras pessoas que querem saber como escrever um artigo on-line, provavelmente vou falar sobre uma estrat\u00e9gia comprovada que fornecer\u00e1 v\u00e1rias boas estrat\u00e9gias sobre a melhor maneira de obter um ensaio on-line. A quantidade de alunos que optam por utilizar este m\u00e9todo tem crescido de forma muito constante nos \u00faltimos anos [&#8230;]\n","protected":false},"author":1,"featured_media":0,"parent":0,"menu_order":0,"comment_status":"closed","ping_status":"closed","template":"","meta":{"_acf_changed":false,"footnotes":""},"class_list":["post-1352","page","type-page","status-publish","hentry"],"acf":[],"_links":{"self":[{"href":"https:\/\/socialaccountabilityhealth.org\/pt-pt\/wp-json\/wp\/v2\/pages\/1352","targetHints":{"allow":["GET"]}}],"collection":[{"href":"https:\/\/socialaccountabilityhealth.org\/pt-pt\/wp-json\/wp\/v2\/pages"}],"about":[{"href":"https:\/\/socialaccountabilityhealth.org\/pt-pt\/wp-json\/wp\/v2\/types\/page"}],"author":[{"embeddable":true,"href":"https:\/\/socialaccountabilityhealth.org\/pt-pt\/wp-json\/wp\/v2\/users\/1"}],"replies":[{"embeddable":true,"href":"https:\/\/socialaccountabilityhealth.org\/pt-pt\/wp-json\/wp\/v2\/comments?post=1352"}],"version-history":[{"count":0,"href":"https:\/\/socialaccountabilityhealth.org\/pt-pt\/wp-json\/wp\/v2\/pages\/1352\/revisions"}],"wp:attachment":[{"href":"https:\/\/socialaccountabilityhealth.org\/pt-pt\/wp-json\/wp\/v2\/media?parent=1352"}],"curies":[{"name":"wp","href":"https:\/\/api.w.org\/{rel}","templated":true}]}}