{"id":1310,"date":"2021-08-25T09:31:49","date_gmt":"2021-08-25T09:31:49","guid":{"rendered":"http:\/\/socialaccountabilityhealth.org\/lista-de-colagens\/"},"modified":"2022-10-04T05:00:32","modified_gmt":"2022-10-04T05:00:32","slug":"lista-de-colagens","status":"publish","type":"page","link":"https:\/\/socialaccountabilityhealth.org\/pt-pt\/lista-de-colagens\/","title":{"rendered":"Lista de colagens"},"content":{"rendered":"\n<div id=\"filter-box\"><form class=\"filterform\"><span class=\"filter-label\">Filtrar por<\/span><select class=\"filter-field\">\n <option> Filtrar por pa\u00eds<\/option> \n<\/select><select class=\"filter-field\">\n <option>Filtrar por alfabetos<\/option> \n<\/select><\/form><\/div>\n<div class=\"collage-list-container\">\n<ul>\n<li>\n<div class=\"collage-list-image\"><img decoding=\"async\" src=\"http:\/\/socialaccountabilityhealth.org\/wp-content\/uploads\/2021\/08\/collage-list-icon1.png\" alt=\"imagem\"\/><\/div>\n<div class=\"collage-list-title\">\n<h2><a href=\"#\">T\u00edtulo vai aqui<\/a><\/h2>\n<\/div>\n<div class=\"collage-list-excerpt\">\n<p>Lorem Ipsum \u00e9 simplesmente um texto fict\u00edcio da ind\u00fastria tipogr\u00e1fica e de impress\u00e3o. Lorem Ipsum tem<\/p>\n<\/div>\n<div class=\"collage-list-location\">\n<p style=\"margin-bottom:0\"><i class=\"icon-map-pin-fill\"><\/i> Estado, Pa\u00eds<\/p>\n<\/div>\n<div class=\"collage-list-button\"><a href=\"#\">Veja mais<\/a><\/div>\n\u200b \u200b<\/li>\n<li>\n<div class=\"collage-list-image\"><img decoding=\"async\" src=\"http:\/\/socialaccountabilityhealth.org\/wp-content\/uploads\/2021\/08\/collage-list-image2.png\" alt=\"imagem\"\/><\/div>\n<div class=\"collage-list-title\">\n<h2><a href=\"#\">T\u00edtulo vai aqui<\/a><\/h2>\n<\/div>\n<div class=\"collage-list-excerpt\">\n<p>Lorem Ipsum \u00e9 simplesmente um texto fict\u00edcio da ind\u00fastria tipogr\u00e1fica e de impress\u00e3o. Lorem Ipsum tem <\/p>\n<\/div>\n<div class=\"collage-list-location\">\n<p style=\"margin-bottom:0\"><i class=\"icon-map-pin-fill\"><\/i> Estado, Pa\u00eds<\/p>\n<\/div>\n<div class=\"collage-list-button\"><a href=\"#\">Veja mais<\/a><\/div>\n\u200b \u200b<\/li>\n<li>\n<div class=\"collage-list-image\"><img decoding=\"async\" src=\"http:\/\/socialaccountabilityhealth.org\/wp-content\/uploads\/2021\/08\/collage-list-image3.png\" alt=\"imagem\"\/><\/div>\n<div class=\"collage-list-title\">\n<h2><a href=\"#\">T\u00edtulo vai aqui<\/a><\/h2>\n<\/div>\n<div class=\"collage-list-excerpt\">\n<p>Lorem Ipsum \u00e9 simplesmente um texto fict\u00edcio da ind\u00fastria tipogr\u00e1fica e de impress\u00e3o. Lorem Ipsum tem<\/p>\n<\/div>\n<div class=\"collage-list-location\">\n<p style=\"margin-bottom:0\"><i class=\"icon-map-pin-fill\"><\/i> Estado, Pa\u00eds<\/p>\n<\/div>\n<div class=\"collage-list-button\"><a href=\"#\">Veja mais<\/a><\/div>\n\u200b \u200b<\/li>\n<li>\n<div class=\"collage-list-image\"><img decoding=\"async\" src=\"http:\/\/socialaccountabilityhealth.org\/wp-content\/uploads\/2021\/09\/education_logo.png\" alt=\"imagem\"\/><\/div>\n<div class=\"collage-list-title\">\n<h2><a href=\"#\">T\u00edtulo vai aqui<\/a><\/h2>\n<\/div>\n<div class=\"collage-list-excerpt\">\n<p>Lorem Ipsum \u00e9 simplesmente um texto fict\u00edcio da ind\u00fastria tipogr\u00e1fica e de impress\u00e3o. Lorem Ipsum tem<\/p>\n<\/div>\n<div class=\"collage-list-location\">\n<p style=\"margin-bottom:0\"><i class=\"icon-map-pin-fill\"><\/i> Estado, Pa\u00eds<\/p>\n<\/div>\n<div class=\"collage-list-button\"><a href=\"#\">Veja mais<\/a><\/div>\n\u200b \u200b<\/li>\n<li>\n<div class=\"collage-list-image\"><img decoding=\"async\" src=\"http:\/\/socialaccountabilityhealth.org\/wp-content\/uploads\/2021\/09\/education_logo.png\" alt=\"imagem\"\/><\/div>\n<div class=\"collage-list-title\">\n<h2><a href=\"#\">T\u00edtulo vai aqui<\/a><\/h2>\n<\/div>\n<div class=\"collage-list-excerpt\">\n<p>Lorem Ipsum \u00e9 simplesmente um texto fict\u00edcio da ind\u00fastria tipogr\u00e1fica e de impress\u00e3o. Lorem Ipsum tem <\/p>\n<\/div>\n<div class=\"collage-list-location\">\n<p style=\"margin-bottom:0\"><i class=\"icon-map-pin-fill\"><\/i> Estado, Pa\u00eds<\/p>\n<\/div>\n<div class=\"collage-list-button\"><a href=\"#\">Veja mais<\/a><\/div>\n\u200b \u200b<\/li>\n<li>\n<div class=\"collage-list-image\"><img decoding=\"async\" src=\"http:\/\/socialaccountabilityhealth.org\/wp-content\/uploads\/2021\/08\/collage-list-image3.png\" alt=\"imagem\"\/><\/div>\n<div class=\"collage-list-title\">\n<h2><a href=\"#\">T\u00edtulo vai aqui<\/a><\/h2>\n<\/div>\n<div class=\"collage-list-excerpt\">\n<p>Lorem Ipsum \u00e9 simplesmente um texto fict\u00edcio da ind\u00fastria tipogr\u00e1fica e de impress\u00e3o. Lorem Ipsum tem <\/p>\n<\/div>\n<div class=\"collage-list-location\">\n<p style=\"margin-bottom:0\"><i class=\"icon-map-pin-fill\"><\/i> Estado, Pa\u00eds<\/p>\n<\/div>\n<div class=\"collage-list-button\"><a href=\"#\">Veja mais<\/a><\/div>\n\u200b<\/li>\n<li>\n<div class=\"collage-list-image\"><img decoding=\"async\" src=\"http:\/\/socialaccountabilityhealth.org\/wp-content\/uploads\/2021\/08\/collage-list-image2.png\" alt=\"imagem\"\/><\/div>\n<div class=\"collage-list-title\">\n<h2><a href=\"#\">T\u00edtulo vai aqui<\/a><\/h2>\n<\/div>\n<div class=\"collage-list-excerpt\">\n<p>Lorem Ipsum \u00e9 simplesmente um texto fict\u00edcio da ind\u00fastria tipogr\u00e1fica e de impress\u00e3o. Lorem Ipsum tem <\/p>\n<\/div>\n<div class=\"collage-list-location\">\n<p style=\"margin-bottom:0\"><i class=\"icon-map-pin-fill\"><\/i> Estado, Pa\u00eds<\/p>\n<\/div>\n<div class=\"collage-list-button\"><a href=\"#\">Veja mais<\/a><\/div>\n\u200b \u200b<\/li>\n<li>\n<div class=\"collage-list-image\"><img decoding=\"async\" src=\"http:\/\/socialaccountabilityhealth.org\/wp-content\/uploads\/2021\/08\/collage-list-icon1.png\" alt=\"imagem\"\/><\/div>\n<div class=\"collage-list-title\">\n<h2><a href=\"#\">T\u00edtulo vai aqui<\/a><\/h2>\n<\/div>\n<div class=\"collage-list-excerpt\">\n<p>Lorem Ipsum \u00e9 simplesmente um texto fict\u00edcio da ind\u00fastria tipogr\u00e1fica e de impress\u00e3o. Lorem Ipsum tem<\/p>\n<\/div>\n<div class=\"collage-list-location\">\n<p style=\"margin-bottom:0\"><i class=\"icon-map-pin-fill\"><\/i> Estado, Pa\u00eds<\/p>\n<\/div>\n<div class=\"collage-list-button\"><a href=\"#\">Veja mais<\/a><\/div>\n\u200b \u200b<\/li>\n<\/ul>\n\n<div class=\"collage-list-button view_more\"><a href=\"#\">Veja mais<\/a><\/div>\n<\/div>\n","protected":false},"excerpt":{"rendered":"<p>Filtrar por Filtrar por pa\u00edsFiltrar por alfabetos T\u00edtulo vai aqui Lorem Ipsum \u00e9 simplesmente um texto fict\u00edcio da ind\u00fastria tipogr\u00e1fica e de impress\u00e3o. Lorem Ipsum tem Estado, Pa\u00eds Veja mais \u200b \u200b T\u00edtulo vai aqui Lorem Ipsum \u00e9 simplesmente um texto fict\u00edcio da ind\u00fastria tipogr\u00e1fica e de impress\u00e3o. Lorem Ipsum tem Estado, Pa\u00eds Veja mais [&#8230;]\n","protected":false},"author":1,"featured_media":0,"parent":0,"menu_order":0,"comment_status":"closed","ping_status":"closed","template":"","meta":{"_acf_changed":false,"footnotes":""},"class_list":["post-1310","page","type-page","status-publish","hentry"],"acf":[],"_links":{"self":[{"href":"https:\/\/socialaccountabilityhealth.org\/pt-pt\/wp-json\/wp\/v2\/pages\/1310","targetHints":{"allow":["GET"]}}],"collection":[{"href":"https:\/\/socialaccountabilityhealth.org\/pt-pt\/wp-json\/wp\/v2\/pages"}],"about":[{"href":"https:\/\/socialaccountabilityhealth.org\/pt-pt\/wp-json\/wp\/v2\/types\/page"}],"author":[{"embeddable":true,"href":"https:\/\/socialaccountabilityhealth.org\/pt-pt\/wp-json\/wp\/v2\/users\/1"}],"replies":[{"embeddable":true,"href":"https:\/\/socialaccountabilityhealth.org\/pt-pt\/wp-json\/wp\/v2\/comments?post=1310"}],"version-history":[{"count":5,"href":"https:\/\/socialaccountabilityhealth.org\/pt-pt\/wp-json\/wp\/v2\/pages\/1310\/revisions"}],"predecessor-version":[{"id":1315,"href":"https:\/\/socialaccountabilityhealth.org\/pt-pt\/wp-json\/wp\/v2\/pages\/1310\/revisions\/1315"}],"wp:attachment":[{"href":"https:\/\/socialaccountabilityhealth.org\/pt-pt\/wp-json\/wp\/v2\/media?parent=1310"}],"curies":[{"name":"wp","href":"https:\/\/api.w.org\/{rel}","templated":true}]}}