{"id":1126,"date":"2022-10-03T06:14:49","date_gmt":"2022-10-03T06:14:49","guid":{"rendered":"http:\/\/socialaccountabilityhealth.org\/oversight-committees\/"},"modified":"2024-05-08T19:20:05","modified_gmt":"2024-05-08T19:20:05","slug":"oversight-committees","status":"publish","type":"page","link":"https:\/\/socialaccountabilityhealth.org\/pt-pt\/oversight-committees\/","title":{"rendered":"OVERSIGHT COMMITTEES"},"content":{"rendered":"\t\t<div data-elementor-type=\"wp-page\" data-elementor-id=\"1126\" class=\"elementor elementor-1126 elementor-980\" data-elementor-post-type=\"page\">\n\t\t\t\t\t\t<section class=\"elementor-section elementor-top-section elementor-element elementor-element-2224cde elementor-section-boxed elementor-section-height-default elementor-section-height-default\" data-id=\"2224cde\" data-element_type=\"section\" data-e-type=\"section\">\n\t\t\t\t\t\t<div class=\"elementor-container elementor-column-gap-default\">\n\t\t\t\t\t<div class=\"elementor-column elementor-col-100 elementor-top-column elementor-element elementor-element-7a33b06\" data-id=\"7a33b06\" data-element_type=\"column\" data-e-type=\"column\">\n\t\t\t<div class=\"elementor-widget-wrap elementor-element-populated\">\n\t\t\t\t\t\t<div class=\"elementor-element elementor-element-47f03d2 elementor-widget elementor-widget-text-editor\" data-id=\"47f03d2\" data-element_type=\"widget\" data-e-type=\"widget\" data-widget_type=\"text-editor.default\">\n\t\t\t\t<div class=\"elementor-widget-container\">\n\t\t\t\t\t\t\t\t\t<h1>Os Comit\u00eas de Supervis\u00e3o do ISAT<\/h1><p>Nossos Comit\u00eas de Supervis\u00e3o ISAT desempenham um papel importante na revis\u00e3o de solicita\u00e7\u00f5es de ISAT de institui\u00e7\u00f5es de ensino de profiss\u00f5es de sa\u00fade em todo o mundo. Cada Comit\u00ea de Supervis\u00e3o \u00e9 composto por representantes de institui\u00e7\u00f5es que possuem conhecimento e pr\u00e1tica em responsabilidade social. Para ampliar o alcance do ISAT al\u00e9m das institui\u00e7\u00f5es de l\u00edngua inglesa, desenvolvemos Comit\u00eas de Supervis\u00e3o para analisar solicita\u00e7\u00f5es nos seguintes idiomas: espanhol, portugu\u00eas e franc\u00eas. Estendemos nossa gratid\u00e3o a todos os membros do Comit\u00ea de Supervis\u00e3o que disponibilizam seu tempo e experi\u00eancia, na busca de desenvolver institui\u00e7\u00f5es socialmente respons\u00e1veis.<\/p>\t\t\t\t\t\t\t\t<\/div>\n\t\t\t\t<\/div>\n\t\t\t\t\t<\/div>\n\t\t<\/div>\n\t\t\t\t\t<\/div>\n\t\t<\/section>\n\t\t\t\t<section class=\"elementor-section elementor-top-section elementor-element elementor-element-13f5ebb our_commmeeti elementor-section-boxed elementor-section-height-default elementor-section-height-default\" data-id=\"13f5ebb\" data-element_type=\"section\" data-e-type=\"section\">\n\t\t\t\t\t\t<div class=\"elementor-container elementor-column-gap-default\">\n\t\t\t\t\t<div class=\"elementor-column elementor-col-33 elementor-top-column elementor-element elementor-element-1ee09c7\" data-id=\"1ee09c7\" data-element_type=\"column\" data-e-type=\"column\">\n\t\t\t<div class=\"elementor-widget-wrap elementor-element-populated\">\n\t\t\t\t\t\t<div class=\"elementor-element elementor-element-b06addd elementor-position-top elementor-widget elementor-widget-image-box\" data-id=\"b06addd\" data-element_type=\"widget\" data-e-type=\"widget\" data-widget_type=\"image-box.default\">\n\t\t\t\t<div class=\"elementor-widget-container\">\n\t\t\t\t\t<div class=\"elementor-image-box-wrapper\"><figure class=\"elementor-image-box-img\"><img fetchpriority=\"high\" decoding=\"async\" width=\"467\" height=\"754\" src=\"https:\/\/socialaccountabilityhealth.org\/wp-content\/uploads\/2022\/10\/Daniel-Medina-da-Silva.jpeg\" class=\"attachment-full size-full wp-image-1040\" alt=\"\" srcset=\"https:\/\/socialaccountabilityhealth.org\/wp-content\/uploads\/2022\/10\/Daniel-Medina-da-Silva.jpeg 467w, https:\/\/socialaccountabilityhealth.org\/wp-content\/uploads\/2022\/10\/Daniel-Medina-da-Silva-186x300.jpeg 186w\" sizes=\"(max-width: 467px) 100vw, 467px\" \/><\/figure><div class=\"elementor-image-box-content\"><h3 class=\"elementor-image-box-title\">Daniel Medina<\/h3><p class=\"elementor-image-box-description\">TUFH\/SNO, Brazil<span class=\"flag_icn\"><img decoding=\"async\" src=\"http:\/\/socialaccountabilityhealth.org\/wp-content\/uploads\/2022\/10\/brazil_flag.png\" width=\"25px\" title=\"Brazil\"><\/span><\/p><\/div><\/div>\t\t\t\t<\/div>\n\t\t\t\t<\/div>\n\t\t\t\t\t<\/div>\n\t\t<\/div>\n\t\t\t\t<div class=\"elementor-column elementor-col-33 elementor-top-column elementor-element elementor-element-97a77e0\" data-id=\"97a77e0\" data-element_type=\"column\" data-e-type=\"column\">\n\t\t\t<div class=\"elementor-widget-wrap elementor-element-populated\">\n\t\t\t\t\t\t<div class=\"elementor-element elementor-element-9506a32 elementor-position-top elementor-widget elementor-widget-image-box\" data-id=\"9506a32\" data-element_type=\"widget\" data-e-type=\"widget\" data-widget_type=\"image-box.default\">\n\t\t\t\t<div class=\"elementor-widget-container\">\n\t\t\t\t\t<div class=\"elementor-image-box-wrapper\"><figure class=\"elementor-image-box-img\"><img decoding=\"async\" width=\"800\" height=\"800\" src=\"https:\/\/socialaccountabilityhealth.org\/wp-content\/uploads\/2024\/05\/1700591665657.jpeg\" class=\"attachment-full size-full wp-image-2500\" alt=\"\" srcset=\"https:\/\/socialaccountabilityhealth.org\/wp-content\/uploads\/2024\/05\/1700591665657.jpeg 800w, https:\/\/socialaccountabilityhealth.org\/wp-content\/uploads\/2024\/05\/1700591665657-300x300.jpeg 300w, https:\/\/socialaccountabilityhealth.org\/wp-content\/uploads\/2024\/05\/1700591665657-150x150.jpeg 150w, https:\/\/socialaccountabilityhealth.org\/wp-content\/uploads\/2024\/05\/1700591665657-768x768.jpeg 768w\" sizes=\"(max-width: 800px) 100vw, 800px\" \/><\/figure><div class=\"elementor-image-box-content\"><h3 class=\"elementor-image-box-title\">Fernando Antonio Menezes da Silva<\/h3><p class=\"elementor-image-box-description\">Federal University of Pernambuco<span class=\"flag_icn\"><img decoding=\"async\" src=\"http:\/\/socialaccountabilityhealth.org\/wp-content\/uploads\/2022\/10\/brazil_flag.png\" width=\"25px\" title=\"Brazil\"><\/span><\/p><\/div><\/div>\t\t\t\t<\/div>\n\t\t\t\t<\/div>\n\t\t\t\t\t<\/div>\n\t\t<\/div>\n\t\t\t\t<div class=\"elementor-column elementor-col-33 elementor-top-column elementor-element elementor-element-ed008c8\" data-id=\"ed008c8\" data-element_type=\"column\" data-e-type=\"column\">\n\t\t\t<div class=\"elementor-widget-wrap elementor-element-populated\">\n\t\t\t\t\t\t<div class=\"elementor-element elementor-element-c24b3b0 elementor-position-top elementor-widget elementor-widget-image-box\" data-id=\"c24b3b0\" data-element_type=\"widget\" data-e-type=\"widget\" data-widget_type=\"image-box.default\">\n\t\t\t\t<div class=\"elementor-widget-container\">\n\t\t\t\t\t<div class=\"elementor-image-box-wrapper\"><figure class=\"elementor-image-box-img\"><img decoding=\"async\" width=\"218\" height=\"116\" src=\"https:\/\/socialaccountabilityhealth.org\/wp-content\/uploads\/2023\/03\/UFRN.jpeg\" class=\"attachment-full size-full wp-image-1926\" alt=\"\" \/><\/figure><div class=\"elementor-image-box-content\"><h3 class=\"elementor-image-box-title\">George Dantas De Azevedo<\/h3><p class=\"elementor-image-box-description\">UFRN, Brazil<span class=\"flag_icn\"><img decoding=\"async\" src=\"http:\/\/socialaccountabilityhealth.org\/wp-content\/uploads\/2022\/10\/brazil_flag.png\" width=\"25px\" title=\"Brazil\"><\/span><\/p><\/div><\/div>\t\t\t\t<\/div>\n\t\t\t\t<\/div>\n\t\t\t\t\t<\/div>\n\t\t<\/div>\n\t\t\t\t\t<\/div>\n\t\t<\/section>\n\t\t\t\t<\/div>\n\t\t","protected":false},"excerpt":{"rendered":"<p>Os Comit\u00eas de Supervis\u00e3o do ISAT Nossos Comit\u00eas de Supervis\u00e3o ISAT desempenham um papel importante na revis\u00e3o de solicita\u00e7\u00f5es de ISAT de institui\u00e7\u00f5es de ensino de profiss\u00f5es de sa\u00fade em todo o mundo. Cada Comit\u00ea de Supervis\u00e3o \u00e9 composto por representantes de institui\u00e7\u00f5es que possuem conhecimento e pr\u00e1tica em responsabilidade social. Para ampliar o alcance [&#8230;]\n","protected":false},"author":1,"featured_media":0,"parent":0,"menu_order":0,"comment_status":"closed","ping_status":"closed","template":"","meta":{"_acf_changed":false,"footnotes":""},"class_list":["post-1126","page","type-page","status-publish","hentry"],"acf":[],"_links":{"self":[{"href":"https:\/\/socialaccountabilityhealth.org\/pt-pt\/wp-json\/wp\/v2\/pages\/1126","targetHints":{"allow":["GET"]}}],"collection":[{"href":"https:\/\/socialaccountabilityhealth.org\/pt-pt\/wp-json\/wp\/v2\/pages"}],"about":[{"href":"https:\/\/socialaccountabilityhealth.org\/pt-pt\/wp-json\/wp\/v2\/types\/page"}],"author":[{"embeddable":true,"href":"https:\/\/socialaccountabilityhealth.org\/pt-pt\/wp-json\/wp\/v2\/users\/1"}],"replies":[{"embeddable":true,"href":"https:\/\/socialaccountabilityhealth.org\/pt-pt\/wp-json\/wp\/v2\/comments?post=1126"}],"version-history":[{"count":17,"href":"https:\/\/socialaccountabilityhealth.org\/pt-pt\/wp-json\/wp\/v2\/pages\/1126\/revisions"}],"predecessor-version":[{"id":2509,"href":"https:\/\/socialaccountabilityhealth.org\/pt-pt\/wp-json\/wp\/v2\/pages\/1126\/revisions\/2509"}],"wp:attachment":[{"href":"https:\/\/socialaccountabilityhealth.org\/pt-pt\/wp-json\/wp\/v2\/media?parent=1126"}],"curies":[{"name":"wp","href":"https:\/\/api.w.org\/{rel}","templated":true}]}}