{"id":946,"date":"2021-03-31T08:33:23","date_gmt":"2021-03-31T08:33:23","guid":{"rendered":"http:\/\/socialaccountabilityhealth.org\/home\/"},"modified":"2024-10-28T13:33:22","modified_gmt":"2024-10-28T13:33:22","slug":"home","status":"publish","type":"page","link":"https:\/\/socialaccountabilityhealth.org\/fr\/","title":{"rendered":"Home"},"content":{"rendered":"\t\t<div data-elementor-type=\"wp-page\" data-elementor-id=\"946\" class=\"elementor elementor-946 elementor-17\" data-elementor-post-type=\"page\">\n\t\t\t\t\t\t<section class=\"elementor-section elementor-top-section elementor-element elementor-element-793eba91 elementor-section-boxed elementor-section-height-default elementor-section-height-default\" data-id=\"793eba91\" data-element_type=\"section\" data-e-type=\"section\">\n\t\t\t\t\t\t<div class=\"elementor-container elementor-column-gap-default\">\n\t\t\t\t\t<div class=\"elementor-column elementor-col-100 elementor-top-column elementor-element elementor-element-44ae2f77\" data-id=\"44ae2f77\" data-element_type=\"column\" data-e-type=\"column\">\n\t\t\t<div class=\"elementor-widget-wrap elementor-element-populated\">\n\t\t\t\t\t\t<div class=\"elementor-element elementor-element-2eb018b elementor-widget elementor-widget-video\" data-id=\"2eb018b\" data-element_type=\"widget\" data-e-type=\"widget\" data-settings=\"{&quot;youtube_url&quot;:&quot;https:\\\/\\\/www.youtube.com\\\/watch?v=CMtZ5XPVJ9o&quot;,&quot;autoplay&quot;:&quot;yes&quot;,&quot;mute&quot;:&quot;yes&quot;,&quot;video_type&quot;:&quot;youtube&quot;,&quot;controls&quot;:&quot;yes&quot;}\" data-widget_type=\"video.default\">\n\t\t\t\t<div class=\"elementor-widget-container\">\n\t\t\t\t\t\t\t<div class=\"elementor-wrapper elementor-open-inline\">\n\t\t\t<div class=\"elementor-video\"><\/div>\t\t<\/div>\n\t\t\t\t\t\t<\/div>\n\t\t\t\t<\/div>\n\t\t\t\t<div class=\"elementor-element elementor-element-6b5a71b0 home_content elementor-widget elementor-widget-text-editor\" data-id=\"6b5a71b0\" data-element_type=\"widget\" data-e-type=\"widget\" data-widget_type=\"text-editor.default\">\n\t\t\t\t<div class=\"elementor-widget-container\">\n\t\t\t\t\t\t\t\t\t\n\t<section class=\"section\" id=\"section_832742881\">\n\t\t<div class=\"section-bg fill\" >\n\t\t\t\t\t\t\t\t\t\n\t\t\t\n\n\t\t<\/div>\n\n\t\t\n\n\t\t<div class=\"section-content relative\">\n\t\t\t\t<div id=\"gap-2089868978\" class=\"gap-element clearfix\" style=\"display:block; height:auto;\">\n\t\t\n<style>\n#gap-2089868978 {\n  padding-top: 40px;\n}\n@media (min-width:850px) {\n  #gap-2089868978 {\n    padding-top: 1px;\n  }\n}\n<\/style>\n\t<\/div>\n\t<div class=\"row\"  id=\"row-577167773\">\n\t<div id=\"col-1156538457\" class=\"col small-12 large-12\"  >\n\t\t\t\t<div class=\"col-inner\"  >\n\t\t\t\n\t\t\t<h1>BIENVENUE<\/h1><div class=\"is-divider divider clearfix\" style=\"margin-top:0.8em;margin-bottom:0.8em;max-width:100%;height:1px;background-color:rgb(0, 0, 0);\"><\/div><div class=\"row\"  id=\"row-1238874728\">\n\t<div id=\"col-1307930710\" class=\"col medium-6 small-12 large-6\"  >\n\t\t\t\t<div class=\"col-inner\"  >\n\t\t\t\n\t\t\t<p>L&#8217;Outil des indicateurs de responsabilit\u00e9 sociale (ISAT)<span style=\"font-weight: 400;\">\u00a0\u2013 maintenant dans sa version 2.0 \u2013 aide les institutions \u00e0 devenir plus socialement responsables envers le public, la communaut\u00e9 et les personnes qu&#8217;elles servent. Il aborde le recrutement, la s\u00e9lection et l\u2019accompagnement des \u00e9tudiants ; recrutement et d\u00e9veloppement du corps professoral ; quoi, comment et o\u00f9 les \u00e9tudiants apprennent ; activit\u00e9s de recherche; gouvernance et engagement communautaire; les r\u00e9sultats scolaires ; et l\u2019impact soci\u00e9tal. Chaque composant principal est divis\u00e9 en quatre phases de d\u00e9veloppement et comprend des jalons, des normes et des indicateurs. Le processus implique tous les acteurs cl\u00e9s d&#8217;une institution afin de r\u00e9fl\u00e9chir \u00e0 la situation de l&#8217;institution dans chaque domaine et aux domaines o\u00f9 il y a place \u00e0 l&#8217;am\u00e9lioration dans leur cheminement vers la responsabilit\u00e9 sociale.<br \/><\/span>Le processus de v\u00e9rification ISAT d\u00e9montre l\u2019engagement d\u2019une institution \u00e0 r\u00e9pondre aux besoins prioritaires en mati\u00e8re de sant\u00e9 des personnes et de la soci\u00e9t\u00e9, aujourd\u2019hui et \u00e0 l\u2019avenir. Le processus ISAT rassemble les institutions et leurs repr\u00e9sentants dans une communaut\u00e9 de dirigeants qui dirigent un mouvement mondial de personnes utilisant la responsabilit\u00e9 sociale comme force du bien. Leurs profils institutionnels sont accessibles au <a href=\"https:\/\/socialaccountabilityhealth.org\/fr\/perfis-institucionais\/\">public ici<\/a>.<\/p>\t\t<\/div>\n\t\t\t\t\t<\/div>\n\n\t\n\t<div id=\"col-1542518568\" class=\"col medium-6 small-12 large-6\"  >\n\t\t\t\t<div class=\"col-inner\"  >\n\t\t\t\n\t\t\t<p>Nous souhaitons exprimer notre gratitude et nos remerciements \u00e0 l&#8217;Organisation Panam\u00e9ricaine de la Sant\u00e9 (OPS) et \u00e0 l&#8217;Organisation mondiale de la Sant\u00e9 (OMS) pour leur soutien au d\u00e9veloppement de la plateforme de responsabilit\u00e9 sociale et pour avoir permis l&#8217;utilisation des indicateurs de responsabilit\u00e9 sociale avant la publication officielle qui a \u00e9t\u00e9 initialement d\u00e9velopp\u00e9 par des repr\u00e9sentants de l&#8217;AMEE ASPIRE, R\u00e9seau de formation pour l&#8217;\u00e9quit\u00e9 en sant\u00e9 : THEnet, l&#8217;Alliance Beyond Flexner (maintenant Social Mission Alliance), l&#8217;Universidad del Litoral \u2013 Foro Argentino de Facultades y Escuelas de Medicinas P\u00fablicas et la Comisi\u00f3n Nacional de Evaluaci\u00f3n y Acreditaci\u00f3n Universitaria, la CONEAU en Argentine, la Funda\u00e7\u00e3o Universidade Aberta do DF, la FUNAB et l&#8217;Universidade Federal de Roraima en Br\u00e9sil, Universit\u00e9 des Antilles, Jama\u00efque et Association des facult\u00e9s de m\u00e9decine du Canada en 2017.<\/p><a href=\"https:\/\/socialaccountabilityhealth.org\/fr\/contact\/\" class=\"button primary site_buttons\" >\n\t\t<span>entrer en contact<\/span>\n\t<\/a>\n\t\t<\/div>\n\t\t\t\t\t<\/div>\n\n\t<\/div>\t\t<\/div>\n\t\t\t\t\t<\/div>\n\n\t<\/div>\t\t<\/div>\n\n\t\t\n<style>\n#section_832742881 {\n  padding-top: 0px;\n  padding-bottom: 0px;\n}\n<\/style>\n\t<\/section>\n\t\n\t<section class=\"section\" id=\"section_1073922995\">\n\t\t<div class=\"section-bg fill\" >\n\t\t\t\t\t\t\t\t\t\n\t\t\t\n\n\t\t<\/div>\n\n\t\t\n\n\t\t<div class=\"section-content relative\">\n\t\t\t\t<div id=\"gap-1551861412\" class=\"gap-element clearfix\" style=\"display:block; height:auto;\">\n\t\t\n<style>\n#gap-1551861412 {\n  padding-top: 33px;\n}\n@media (min-width:850px) {\n  #gap-1551861412 {\n    padding-top: 10px;\n  }\n}\n<\/style>\n\t<\/div>\n\t<div class=\"row\"  id=\"row-83566944\">\n\t<div id=\"col-1843762110\" class=\"col small-12 large-12\"  >\n\t\t\t\t<div class=\"col-inner\"  >\n\t\t\t\n\t\t\t<p><span style=\"font-weight: 400;\">L&#8217;objectif de l&#8217;ISAT 2.0 est d&#8217;aider les institutions et les programmes formant des professionnels de la sant\u00e9 \u00e0 \u00e9valuer r\u00e9guli\u00e8rement leurs progr\u00e8s vers une plus grande responsabilit\u00e9 sociale afin que leurs programmes soient positionn\u00e9s de mani\u00e8re optimale pour r\u00e9pondre aux besoins actuels et futurs du syst\u00e8me de sant\u00e9, augmentant ainsi l&#8217;acc\u00e8s universel \u00e0 la sant\u00e9 et la couverture sanitaire universelle. L&#8217;ISAT peut \u00e9galement aider les \u00e9tablissements \u00e0 \u00e9tablir des domaines prioritaires de recherche et d&#8217;am\u00e9lioration de la qualit\u00e9 et \u00e0 garantir que leurs strat\u00e9gies et activit\u00e9s contribuent \u00e0 accro\u00eetre la collaboration interprofessionnelle, l&#8217;\u00e9quit\u00e9 en sant\u00e9 et la qualit\u00e9 des services. En outre, il permet d\u2019apprendre avec et depuis des institutions de tous les pays, r\u00e9gions et du monde.<\/span><\/p>\t<div id=\"gap-1220467526\" class=\"gap-element clearfix\" style=\"display:block; height:auto;\">\n\t\t\n<style>\n#gap-1220467526 {\n  padding-top: 0px;\n}\n@media (min-width:850px) {\n  #gap-1220467526 {\n    padding-top: 40px;\n  }\n}\n<\/style>\n\t<\/div>\n\t\t\t<\/div>\n\t\t\t\t\t<\/div>\n\n\t<\/div>\t\t<\/div>\n\n\t\t\n<style>\n#section_1073922995 {\n  padding-top: 0px;\n  padding-bottom: 0px;\n}\n<\/style>\n\t<\/section>\n\t\n\t<section class=\"section\" id=\"section_849647076\">\n\t\t<div class=\"section-bg fill\" >\n\t\t\t\t\t\t\t\t\t\n\t\t\t\n\n\t\t<\/div>\n\n\t\t\n\n\t\t<div class=\"section-content relative\">\n\t\t\t\t<div id=\"gap-1923007327\" class=\"gap-element clearfix\" style=\"display:block; height:auto;\">\n\t\t\n<style>\n#gap-1923007327 {\n  padding-top: 34px;\n}\n@media (min-width:850px) {\n  #gap-1923007327 {\n    padding-top: 10px;\n  }\n}\n<\/style>\n\t<\/div>\n\t<div class=\"row\"  id=\"row-1730982754\">\n\t<div id=\"col-1975653390\" class=\"col small-12 large-12\"  >\n\t\t\t\t<div class=\"col-inner\"  >\n\t\t\t\n\t\t\t<h1>Aper\u00e7u<\/h1><div class=\"is-divider divider clearfix\" style=\"margin-top:0.8em;margin-bottom:0.8em;max-width:100%;height:1px;background-color:rgb(0, 0, 0);\"><\/div><div class=\"row\"  id=\"row-34471141\">\n\t<div id=\"col-2040816297\" class=\"col medium-6 small-12 large-6\"  >\n\t\t\t\t<div class=\"col-inner\"  >\n\t\t\t\n\t\t\t<p>Le principal d\u00e9fi du 21e si\u00e8cle pour la formation des professions de sant\u00e9 r\u00e9side dans la responsabilit\u00e9 des \u00e9tablissements d\u2019enseignement d\u2019am\u00e9liorer les performances des syst\u00e8mes de sant\u00e9 et l\u2019\u00e9tat de sant\u00e9 des populations. Cet objectif sera atteint non seulement en adaptant les programmes \u00e9ducatifs aux probl\u00e8mes de sant\u00e9 prioritaires, mais \u00e9galement en anticipant les besoins des pays en mati\u00e8re de sant\u00e9 et de ressources humaines et en veillant \u00e0 ce que les dipl\u00f4m\u00e9s soient employ\u00e9s l\u00e0 o\u00f9 ils sont le plus n\u00e9cessaires, pour fournir les services les plus urgents. Un nouveau paradigme d\u2019excellence pour les \u00e9tablissements universitaires est n\u00e9cessaire, tout comme des normes et des m\u00e9canismes d\u2019accr\u00e9ditation pour promouvoir et \u00e9valuer leur capacit\u00e9 \u00e0 avoir un plus grand impact sur la sant\u00e9.<\/p><p>Les cadres mondiaux et les \u00e9volutions politiques adoptent des strat\u00e9gies de responsabilit\u00e9 sociale pour am\u00e9liorer la quantit\u00e9, la qualit\u00e9 et la pertinence de la formation du personnel de sant\u00e9, le tout afin de garantir que les pays disposent d&#8217;\u00e9quipes interprofessionnelles bien form\u00e9es, pr\u00eates et dispos\u00e9es \u00e0 travailler avec et dans les communaut\u00e9s pour r\u00e9pondre \u00e0 leurs probl\u00e8mes de sant\u00e9. besoins, o\u00f9 qu&#8217;ils vivent. L\u2019application des principes de responsabilit\u00e9 sociale fournit un m\u00e9canisme permettant aux \u00e9tablissements d\u2019accro\u00eetre l\u2019\u00e9quit\u00e9 dans l\u2019\u00e9ducation, de mener des recherches adapt\u00e9es aux besoins de sant\u00e9 de la population et d\u2019am\u00e9liorer l\u2019acc\u00e8s et la qualit\u00e9 des services de prestation de soins de sant\u00e9 \u2013 un objectif essentiel pour les \u00e9tablissements socialement responsables. Les m\u00e9canismes de responsabilit\u00e9 sociale encouragent non seulement les efforts continus visant \u00e0 accro\u00eetre l\u2019\u00e9quit\u00e9, mais ils renforcent \u00e9galement la pertinence, la rentabilit\u00e9 et, surtout, la qualit\u00e9 de l\u2019\u00e9ducation, dans le but ultime d\u2019am\u00e9liorer la qualit\u00e9 de la prestation des services de sant\u00e9 pour tous.<\/p>\t\t<\/div>\n\t\t\t\t\t<\/div>\n\n\t\n\t<div id=\"col-32893236\" class=\"col medium-6 small-12 large-6\"  >\n\t\t\t\t<div class=\"col-inner\"  >\n\t\t\t\n\t\t\t<p>Dans le but d&#8217;accro\u00eetre la responsabilit\u00e9 sociale de la formation du personnel de sant\u00e9 dans les Am\u00e9riques, l&#8217;Organisation panam\u00e9ricaine de la sant\u00e9 (OPS-OMS) a r\u00e9uni d&#8217;\u00e9minents experts dans le domaine de l&#8217;\u00e9valuation de la responsabilit\u00e9 sociale pour convenir d&#8217;indicateurs de base pour \u00e9valuer la responsabilit\u00e9 sociale des facult\u00e9s de m\u00e9decine. dans les Am\u00e9riques. S&#8217;appuyant sur les outils de responsabilit\u00e9 sociale existants, le groupe a d\u00e9velopp\u00e9 l&#8217;outil d&#8217;indicateurs de responsabilit\u00e9 sociale (ISAT). Son objectif est de promouvoir des programmes d\u2019\u00e9ducation, de recherche et de prestation de services align\u00e9s sur les besoins prioritaires en fournissant aux \u00e9tablissements de formation des personnels de sant\u00e9 un outil permettant d\u2019\u00e9valuer r\u00e9guli\u00e8rement leurs progr\u00e8s vers une plus grande responsabilit\u00e9 sociale. La version 2.0 de l&#8217;ISAT poursuit ces efforts en mettant \u00e0 jour l&#8217;outil \u00e0 la lumi\u00e8re des d\u00e9veloppements r\u00e9cents dans le domaine et des commentaires cibl\u00e9s des repr\u00e9sentants institutionnels qui l&#8217;ont utilis\u00e9 et de ceux qui entreprennent le processus pour la premi\u00e8re fois.<\/p><p>Les d\u00e9veloppeurs de l&#8217;ISAT sont conscients que le contexte varie consid\u00e9rablement et que certains indicateurs ne sont pas mesurables ou pertinents dans certains pays ou institutions. En r\u00e9ponse \u00e0 la nature contextuelle de la responsabilit\u00e9 sociale \u00e0 travers le monde, l&#8217;ISATt comprend \u00e9galement une liste de ressources suppl\u00e9mentaires pour aider ceux qui souhaitent rejoindre le mouvement mondial visant \u00e0 transformer la formation des personnels de sant\u00e9 afin de mieux r\u00e9pondre aux besoins des individus et des communaut\u00e9s desservies par leurs institutions.<\/p>\t\t<\/div>\n\t\t\t\t\t<\/div>\n\n\t<\/div>\t\t<\/div>\n\t\t\t\t\t<\/div>\n\n\t<\/div>\t\t<\/div>\n\n\t\t\n<style>\n#section_849647076 {\n  padding-top: 0px;\n  padding-bottom: 0px;\n}\n<\/style>\n\t<\/section>\n\t\t\t\t\t\t\t\t\t<\/div>\n\t\t\t\t<\/div>\n\t\t\t\t\t<\/div>\n\t\t<\/div>\n\t\t\t\t\t<\/div>\n\t\t<\/section>\n\t\t\t\t<section class=\"elementor-section elementor-top-section elementor-element elementor-element-f9e2b86 elementor-section-boxed elementor-section-height-default elementor-section-height-default\" data-id=\"f9e2b86\" data-element_type=\"section\" data-e-type=\"section\">\n\t\t\t\t\t\t<div class=\"elementor-container elementor-column-gap-default\">\n\t\t\t\t\t<div class=\"elementor-column elementor-col-100 elementor-top-column elementor-element elementor-element-da4f20e\" data-id=\"da4f20e\" data-element_type=\"column\" data-e-type=\"column\">\n\t\t\t<div class=\"elementor-widget-wrap elementor-element-populated\">\n\t\t\t\t\t\t<div class=\"elementor-element elementor-element-4dfe793 elementor-widget elementor-widget-text-editor\" data-id=\"4dfe793\" data-element_type=\"widget\" data-e-type=\"widget\" data-widget_type=\"text-editor.default\">\n\t\t\t\t<div class=\"elementor-widget-container\">\n\t\t\t\t\t\t\t\t\t<h2>L\u2019outil d\u2019auto-\u00e9valuation de la responsabilit\u00e9 sociale des institutions est g\u00e9r\u00e9 par<\/h2>\t\t\t\t\t\t\t\t<\/div>\n\t\t\t\t<\/div>\n\t\t\t\t\t<\/div>\n\t\t<\/div>\n\t\t\t\t\t<\/div>\n\t\t<\/section>\n\t\t\t\t<section class=\"elementor-section elementor-top-section elementor-element elementor-element-fc4e869 elementor-section-boxed elementor-section-height-default elementor-section-height-default\" data-id=\"fc4e869\" data-element_type=\"section\" data-e-type=\"section\">\n\t\t\t\t\t\t<div class=\"elementor-container elementor-column-gap-default\">\n\t\t\t\t\t<div class=\"elementor-column elementor-col-33 elementor-top-column elementor-element elementor-element-eb3e4b8\" data-id=\"eb3e4b8\" data-element_type=\"column\" data-e-type=\"column\">\n\t\t\t<div class=\"elementor-widget-wrap elementor-element-populated\">\n\t\t\t\t\t\t<div class=\"elementor-element elementor-element-0671a61 elementor-widget elementor-widget-image\" data-id=\"0671a61\" data-element_type=\"widget\" data-e-type=\"widget\" data-widget_type=\"image.default\">\n\t\t\t\t<div class=\"elementor-widget-container\">\n\t\t\t\t\t\t\t\t\t\t\t\t\t\t\t<img fetchpriority=\"high\" decoding=\"async\" width=\"1020\" height=\"887\" src=\"https:\/\/socialaccountabilityhealth.org\/wp-content\/uploads\/2024\/04\/TUFH-Logo-Transparent-1024x890.png\" class=\"attachment-large size-large wp-image-2183\" alt=\"\" srcset=\"https:\/\/socialaccountabilityhealth.org\/wp-content\/uploads\/2024\/04\/TUFH-Logo-Transparent-1024x890.png 1024w, https:\/\/socialaccountabilityhealth.org\/wp-content\/uploads\/2024\/04\/TUFH-Logo-Transparent-300x261.png 300w, https:\/\/socialaccountabilityhealth.org\/wp-content\/uploads\/2024\/04\/TUFH-Logo-Transparent-768x667.png 768w, https:\/\/socialaccountabilityhealth.org\/wp-content\/uploads\/2024\/04\/TUFH-Logo-Transparent.png 1245w\" sizes=\"(max-width: 1020px) 100vw, 1020px\" \/>\t\t\t\t\t\t\t\t\t\t\t\t\t\t\t<\/div>\n\t\t\t\t<\/div>\n\t\t\t\t\t<\/div>\n\t\t<\/div>\n\t\t\t\t<div class=\"elementor-column elementor-col-33 elementor-top-column elementor-element elementor-element-258e0f9\" data-id=\"258e0f9\" data-element_type=\"column\" data-e-type=\"column\">\n\t\t\t<div class=\"elementor-widget-wrap elementor-element-populated\">\n\t\t\t\t\t\t<div class=\"elementor-element elementor-element-2529ab9 elementor-widget elementor-widget-image\" data-id=\"2529ab9\" data-element_type=\"widget\" data-e-type=\"widget\" data-widget_type=\"image.default\">\n\t\t\t\t<div class=\"elementor-widget-container\">\n\t\t\t\t\t\t\t\t\t\t\t\t\t\t\t<img decoding=\"async\" width=\"400\" height=\"200\" src=\"https:\/\/socialaccountabilityhealth.org\/wp-content\/uploads\/2024\/04\/NOSMUniversity_Trilingual_EmailSignature-1.png\" class=\"attachment-large size-large wp-image-2191\" alt=\"\" srcset=\"https:\/\/socialaccountabilityhealth.org\/wp-content\/uploads\/2024\/04\/NOSMUniversity_Trilingual_EmailSignature-1.png 400w, https:\/\/socialaccountabilityhealth.org\/wp-content\/uploads\/2024\/04\/NOSMUniversity_Trilingual_EmailSignature-1-300x150.png 300w\" sizes=\"(max-width: 400px) 100vw, 400px\" \/>\t\t\t\t\t\t\t\t\t\t\t\t\t\t\t<\/div>\n\t\t\t\t<\/div>\n\t\t\t\t\t<\/div>\n\t\t<\/div>\n\t\t\t\t<div class=\"elementor-column elementor-col-33 elementor-top-column elementor-element elementor-element-017584b\" data-id=\"017584b\" data-element_type=\"column\" data-e-type=\"column\">\n\t\t\t<div class=\"elementor-widget-wrap elementor-element-populated\">\n\t\t\t\t\t\t<div class=\"elementor-element elementor-element-1485056 elementor-widget elementor-widget-image\" data-id=\"1485056\" data-element_type=\"widget\" data-e-type=\"widget\" data-widget_type=\"image.default\">\n\t\t\t\t<div class=\"elementor-widget-container\">\n\t\t\t\t\t\t\t\t\t\t\t\t\t\t\t<img decoding=\"async\" width=\"1020\" height=\"199\" src=\"https:\/\/socialaccountabilityhealth.org\/wp-content\/uploads\/2024\/04\/Dr-Gilles-Arcand-Centre-Logo_final-1024x200.png\" class=\"attachment-large size-large wp-image-2195\" alt=\"\" srcset=\"https:\/\/socialaccountabilityhealth.org\/wp-content\/uploads\/2024\/04\/Dr-Gilles-Arcand-Centre-Logo_final-1024x200.png 1024w, https:\/\/socialaccountabilityhealth.org\/wp-content\/uploads\/2024\/04\/Dr-Gilles-Arcand-Centre-Logo_final-300x59.png 300w, https:\/\/socialaccountabilityhealth.org\/wp-content\/uploads\/2024\/04\/Dr-Gilles-Arcand-Centre-Logo_final-768x150.png 768w, https:\/\/socialaccountabilityhealth.org\/wp-content\/uploads\/2024\/04\/Dr-Gilles-Arcand-Centre-Logo_final-1536x300.png 1536w, https:\/\/socialaccountabilityhealth.org\/wp-content\/uploads\/2024\/04\/Dr-Gilles-Arcand-Centre-Logo_final.png 1600w\" sizes=\"(max-width: 1020px) 100vw, 1020px\" \/>\t\t\t\t\t\t\t\t\t\t\t\t\t\t\t<\/div>\n\t\t\t\t<\/div>\n\t\t\t\t\t<\/div>\n\t\t<\/div>\n\t\t\t\t\t<\/div>\n\t\t<\/section>\n\t\t\t\t<section class=\"elementor-section elementor-top-section elementor-element elementor-element-ae84551 elementor-section-boxed elementor-section-height-default elementor-section-height-default\" data-id=\"ae84551\" data-element_type=\"section\" data-e-type=\"section\">\n\t\t\t\t\t\t<div class=\"elementor-container elementor-column-gap-default\">\n\t\t\t\t\t<div class=\"elementor-column elementor-col-100 elementor-top-column elementor-element elementor-element-bee4820\" data-id=\"bee4820\" data-element_type=\"column\" data-e-type=\"column\">\n\t\t\t<div class=\"elementor-widget-wrap elementor-element-populated\">\n\t\t\t\t\t\t<div class=\"elementor-element elementor-element-105ec39 elementor-widget elementor-widget-text-editor\" data-id=\"105ec39\" data-element_type=\"widget\" data-e-type=\"widget\" data-widget_type=\"text-editor.default\">\n\t\t\t\t<div class=\"elementor-widget-container\">\n\t\t\t\t\t\t\t\t\t<h2>en collaboration avec<\/h2>\t\t\t\t\t\t\t\t<\/div>\n\t\t\t\t<\/div>\n\t\t\t\t\t<\/div>\n\t\t<\/div>\n\t\t\t\t\t<\/div>\n\t\t<\/section>\n\t\t\t\t<section class=\"elementor-section elementor-top-section elementor-element elementor-element-ea873f2 elementor-section-boxed elementor-section-height-default elementor-section-height-default\" data-id=\"ea873f2\" data-element_type=\"section\" data-e-type=\"section\">\n\t\t\t\t\t\t<div class=\"elementor-container elementor-column-gap-default\">\n\t\t\t\t\t<div class=\"elementor-column elementor-col-33 elementor-top-column elementor-element elementor-element-32533ac\" data-id=\"32533ac\" data-element_type=\"column\" data-e-type=\"column\">\n\t\t\t<div class=\"elementor-widget-wrap elementor-element-populated\">\n\t\t\t\t\t\t<div class=\"elementor-element elementor-element-3af704d elementor-widget elementor-widget-image\" data-id=\"3af704d\" data-element_type=\"widget\" data-e-type=\"widget\" data-widget_type=\"image.default\">\n\t\t\t\t<div class=\"elementor-widget-container\">\n\t\t\t\t\t\t\t\t\t\t\t\t\t\t\t<img loading=\"lazy\" decoding=\"async\" width=\"434\" height=\"354\" src=\"https:\/\/socialaccountabilityhealth.org\/wp-content\/uploads\/2024\/04\/the-net-logo.png\" class=\"attachment-large size-large wp-image-2199\" alt=\"\" srcset=\"https:\/\/socialaccountabilityhealth.org\/wp-content\/uploads\/2024\/04\/the-net-logo.png 434w, https:\/\/socialaccountabilityhealth.org\/wp-content\/uploads\/2024\/04\/the-net-logo-300x245.png 300w\" sizes=\"(max-width: 434px) 100vw, 434px\" \/>\t\t\t\t\t\t\t\t\t\t\t\t\t\t\t<\/div>\n\t\t\t\t<\/div>\n\t\t\t\t\t<\/div>\n\t\t<\/div>\n\t\t\t\t<div class=\"elementor-column elementor-col-33 elementor-top-column elementor-element elementor-element-0c3e0fa\" data-id=\"0c3e0fa\" data-element_type=\"column\" data-e-type=\"column\">\n\t\t\t<div class=\"elementor-widget-wrap elementor-element-populated\">\n\t\t\t\t\t\t<div class=\"elementor-element elementor-element-9fb4f03 elementor-widget elementor-widget-image\" data-id=\"9fb4f03\" data-element_type=\"widget\" data-e-type=\"widget\" data-widget_type=\"image.default\">\n\t\t\t\t<div class=\"elementor-widget-container\">\n\t\t\t\t\t\t\t\t\t\t\t\t\t\t\t<img loading=\"lazy\" decoding=\"async\" width=\"1020\" height=\"693\" src=\"https:\/\/socialaccountabilityhealth.org\/wp-content\/uploads\/2024\/04\/SMA-Logo-with-Tagline-1024x696.jpg\" class=\"attachment-large size-large wp-image-2203\" alt=\"\" srcset=\"https:\/\/socialaccountabilityhealth.org\/wp-content\/uploads\/2024\/04\/SMA-Logo-with-Tagline-1024x696.jpg 1024w, https:\/\/socialaccountabilityhealth.org\/wp-content\/uploads\/2024\/04\/SMA-Logo-with-Tagline-300x204.jpg 300w, https:\/\/socialaccountabilityhealth.org\/wp-content\/uploads\/2024\/04\/SMA-Logo-with-Tagline-768x522.jpg 768w, https:\/\/socialaccountabilityhealth.org\/wp-content\/uploads\/2024\/04\/SMA-Logo-with-Tagline-1536x1043.jpg 1536w, https:\/\/socialaccountabilityhealth.org\/wp-content\/uploads\/2024\/04\/SMA-Logo-with-Tagline.jpg 1581w\" sizes=\"(max-width: 1020px) 100vw, 1020px\" \/>\t\t\t\t\t\t\t\t\t\t\t\t\t\t\t<\/div>\n\t\t\t\t<\/div>\n\t\t\t\t\t<\/div>\n\t\t<\/div>\n\t\t\t\t<div class=\"elementor-column elementor-col-33 elementor-top-column elementor-element elementor-element-06e28fa\" data-id=\"06e28fa\" data-element_type=\"column\" data-e-type=\"column\">\n\t\t\t<div class=\"elementor-widget-wrap elementor-element-populated\">\n\t\t\t\t\t\t<div class=\"elementor-element elementor-element-e1b89c5 elementor-widget elementor-widget-image\" data-id=\"e1b89c5\" data-element_type=\"widget\" data-e-type=\"widget\" data-widget_type=\"image.default\">\n\t\t\t\t<div class=\"elementor-widget-container\">\n\t\t\t\t\t\t\t\t\t\t\t\t\t\t\t<img loading=\"lazy\" decoding=\"async\" width=\"1020\" height=\"206\" src=\"https:\/\/socialaccountabilityhealth.org\/wp-content\/uploads\/2021\/03\/SOCIAL-ACCOUNTABILITY-1024x207.png\" class=\"attachment-large size-large wp-image-775\" alt=\"\" srcset=\"https:\/\/socialaccountabilityhealth.org\/wp-content\/uploads\/2021\/03\/SOCIAL-ACCOUNTABILITY-1024x207.png 1024w, https:\/\/socialaccountabilityhealth.org\/wp-content\/uploads\/2021\/03\/SOCIAL-ACCOUNTABILITY-600x121.png 600w, https:\/\/socialaccountabilityhealth.org\/wp-content\/uploads\/2021\/03\/SOCIAL-ACCOUNTABILITY-300x61.png 300w, https:\/\/socialaccountabilityhealth.org\/wp-content\/uploads\/2021\/03\/SOCIAL-ACCOUNTABILITY-768x155.png 768w, https:\/\/socialaccountabilityhealth.org\/wp-content\/uploads\/2021\/03\/SOCIAL-ACCOUNTABILITY.png 1033w\" sizes=\"(max-width: 1020px) 100vw, 1020px\" \/>\t\t\t\t\t\t\t\t\t\t\t\t\t\t\t<\/div>\n\t\t\t\t<\/div>\n\t\t\t\t\t<\/div>\n\t\t<\/div>\n\t\t\t\t\t<\/div>\n\t\t<\/section>\n\t\t\t\t<\/div>\n\t\t","protected":false},"excerpt":{"rendered":"<p>https:\/\/www.youtube.com\/watch?v=CMtZ5XPVJ9o L\u2019outil d\u2019auto-\u00e9valuation de la responsabilit\u00e9 sociale des institutions est g\u00e9r\u00e9 par en collaboration avec<\/p>\n","protected":false},"author":1,"featured_media":2101,"parent":0,"menu_order":0,"comment_status":"closed","ping_status":"closed","template":"page-blank.php","meta":{"_acf_changed":false,"footnotes":""},"class_list":["post-946","page","type-page","status-publish","has-post-thumbnail","hentry"],"acf":[],"_links":{"self":[{"href":"https:\/\/socialaccountabilityhealth.org\/fr\/wp-json\/wp\/v2\/pages\/946","targetHints":{"allow":["GET"]}}],"collection":[{"href":"https:\/\/socialaccountabilityhealth.org\/fr\/wp-json\/wp\/v2\/pages"}],"about":[{"href":"https:\/\/socialaccountabilityhealth.org\/fr\/wp-json\/wp\/v2\/types\/page"}],"author":[{"embeddable":true,"href":"https:\/\/socialaccountabilityhealth.org\/fr\/wp-json\/wp\/v2\/users\/1"}],"replies":[{"embeddable":true,"href":"https:\/\/socialaccountabilityhealth.org\/fr\/wp-json\/wp\/v2\/comments?post=946"}],"version-history":[{"count":71,"href":"https:\/\/socialaccountabilityhealth.org\/fr\/wp-json\/wp\/v2\/pages\/946\/revisions"}],"predecessor-version":[{"id":2531,"href":"https:\/\/socialaccountabilityhealth.org\/fr\/wp-json\/wp\/v2\/pages\/946\/revisions\/2531"}],"wp:featuredmedia":[{"embeddable":true,"href":"https:\/\/socialaccountabilityhealth.org\/fr\/wp-json\/wp\/v2\/media\/2101"}],"wp:attachment":[{"href":"https:\/\/socialaccountabilityhealth.org\/fr\/wp-json\/wp\/v2\/media?parent=946"}],"curies":[{"name":"wp","href":"https:\/\/api.w.org\/{rel}","templated":true}]}}