{"id":1376,"date":"2022-10-03T19:31:12","date_gmt":"2022-10-03T19:31:12","guid":{"rendered":"http:\/\/socialaccountabilityhealth.org\/como-comprar-ensaio-on-line\/"},"modified":"2022-10-04T10:27:01","modified_gmt":"2022-10-04T10:27:01","slug":"como-comprar-ensaio-on-line","status":"publish","type":"page","link":"https:\/\/socialaccountabilityhealth.org\/fr\/como-comprar-ensaio-on-line\/","title":{"rendered":"Comment acheter un essai en ligne"},"content":{"rendered":"<\/p>\n<p>Si vous faites partie des innombrables personnes qui veulent savoir comment r\u00e9diger un article en ligne, je suis susceptible de vous parler d&#8217;une strat\u00e9gie \u00e9prouv\u00e9e qui vous fournira plusieurs bonnes strat\u00e9gies sur la meilleure fa\u00e7on d&#8217;obtenir un essai en ligne. Le nombre d&#8217;\u00e9tudiants qui choisissent d&#8217;utiliser cette m\u00e9thode a augment\u00e9 tr\u00e8s r\u00e9guli\u00e8rement au cours des derni\u00e8res ann\u00e9es et ce guide<!--more--> vous montrera exactement ce que vous devez savoir pour commencer.<\/p>\n<p>J&#8217;avais pens\u00e9 il y a quelques ann\u00e9es quand j&#8217;ai d\u00e9cid\u00e9 de retourner \u00e0 l&#8217;universit\u00e9 et de faire des <a href=\"https:\/\/spellcheck.top\/\">recherches pour r\u00e9diger mes<\/a> propres papiers universitaires. Mes parents m&#8217;ont demand\u00e9 de les aider avec quelques devoirs d&#8217;\u00e9criture pour mon coll\u00e8ge et j&#8217;ai pens\u00e9 que ce serait une fa\u00e7on extr\u00eamement merveilleuse de passer du temps entre les \u00e9tudes. Apr\u00e8s que mes parents aient pris des dispositions pour que je sois \u00e0 la maison pendant les mois d&#8217;\u00e9t\u00e9, ils m&#8217;ont emmen\u00e9 pour un d\u00eener de f\u00eate.<\/p>\n<p>Ils ont dit qu&#8217;il \u00e9tait temps pour moi de me recentrer sur moi-m\u00eame et de prendre de meilleures d\u00e9cisions concernant ma carri\u00e8re. Je venais de commencer \u00e0 faire de l&#8217;exercice quotidiennement et je souhaitais r\u00e9v\u00e9ler que je respectais mon emploi du temps et que je m&#8217;en sortais bien.<\/p>\n<p>Quand je suis rentr\u00e9 \u00e0 la maison, j&#8217;ai demand\u00e9 \u00e0 mes parents comment obtenir une dissertation en ligne et ils m&#8217;ont dit que je devrais commencer \u00e0 chercher des bourses d&#8217;\u00e9tudes pour les auteurs qui ont \u00e9t\u00e9 donn\u00e9es \u00e0 l&#8217;universit\u00e9. Mon p\u00e8re a poursuivi en me disant qu&#8217;il pensait que c&#8217;\u00e9tait une excellente id\u00e9e et qu&#8217;il avait lu plusieurs articles qui affirmaient que de nombreux \u00e9l\u00e8ves n&#8217;\u00e9taient pas les <a href=\"https:\/\/grammarcorrector.top\/punctuation-checker\">meilleurs v\u00e9rificateurs de ponctuation gratuits<\/a> poursuivant cette alternative. Il pensait que c&#8217;\u00e9tait un excellent moyen de m&#8217;inspirer pour devenir auteur et il avait raison.<\/p>\n<p>Je souhaitais aider d&#8217;autres personnes, alors j&#8217;ai commenc\u00e9 \u00e0 chercher des moyens de devenir \u00e9crivain et \u00e9ventuellement de cr\u00e9er une entreprise d&#8217;\u00e9criture en ligne. Apr\u00e8s avoir d\u00e9couvert ce genre d&#8217;\u00e9criture, j&#8217;ai su que je devais \u00eatre un auteur en ligne car c&#8217;\u00e9tait plus difficile que tout ce que j&#8217;avais fait auparavant.<\/p>\n<p>Mon p\u00e8re a fait de son mieux pour m&#8217;encourager \u00e0 acheter des essais en ligne, mais j&#8217;ai h\u00e9sit\u00e9 au d\u00e9but. Une fois que j&#8217;ai finalement d\u00e9cid\u00e9 d&#8217;acheter le sujet de l&#8217;article, j&#8217;ai trouv\u00e9 que j&#8217;appr\u00e9ciais vraiment le processus et que c&#8217;\u00e9tait tr\u00e8s amusant.<\/p>\n<p>Je savais aussi qu&#8217;il \u00e9tait important d&#8217;\u00e9crire mon propre essai, alors j&#8217;ai commenc\u00e9 \u00e0 en tirer le meilleur parti. Il m&#8217;a fallu un certain temps pour trouver les notions, mais une fois que je l&#8217;ai fait, j&#8217;ai r\u00e9ussi \u00e0 rassembler une composition bien \u00e9crite et brillante qui m&#8217;a fait plaisir.<\/p>\n<p>Si vous souhaitez savoir comment acheter un article en ligne, rendez-vous service et suivez ces strat\u00e9gies. Je sais qu&#8217;il m&#8217;a fallu du temps pour commencer, mais une fois que j&#8217;ai r\u00e9ussi, j&#8217;ai pu \u00e9crire de nombreux essais dont je suis assez satisfait.<\/p>\n","protected":false},"excerpt":{"rendered":"<p>Si vous faites partie des innombrables personnes qui veulent savoir comment r\u00e9diger un article en ligne, je suis susceptible de vous parler d&#8217;une strat\u00e9gie \u00e9prouv\u00e9e qui vous fournira plusieurs bonnes strat\u00e9gies sur la meilleure fa\u00e7on d&#8217;obtenir un essai en ligne. Le nombre d&#8217;\u00e9tudiants qui choisissent d&#8217;utiliser cette m\u00e9thode a augment\u00e9 tr\u00e8s r\u00e9guli\u00e8rement au cours des [&#8230;]\n","protected":false},"author":1,"featured_media":0,"parent":0,"menu_order":0,"comment_status":"closed","ping_status":"closed","template":"","meta":{"_acf_changed":false,"footnotes":""},"class_list":["post-1376","page","type-page","status-publish","hentry"],"acf":[],"_links":{"self":[{"href":"https:\/\/socialaccountabilityhealth.org\/fr\/wp-json\/wp\/v2\/pages\/1376","targetHints":{"allow":["GET"]}}],"collection":[{"href":"https:\/\/socialaccountabilityhealth.org\/fr\/wp-json\/wp\/v2\/pages"}],"about":[{"href":"https:\/\/socialaccountabilityhealth.org\/fr\/wp-json\/wp\/v2\/types\/page"}],"author":[{"embeddable":true,"href":"https:\/\/socialaccountabilityhealth.org\/fr\/wp-json\/wp\/v2\/users\/1"}],"replies":[{"embeddable":true,"href":"https:\/\/socialaccountabilityhealth.org\/fr\/wp-json\/wp\/v2\/comments?post=1376"}],"version-history":[{"count":1,"href":"https:\/\/socialaccountabilityhealth.org\/fr\/wp-json\/wp\/v2\/pages\/1376\/revisions"}],"predecessor-version":[{"id":1377,"href":"https:\/\/socialaccountabilityhealth.org\/fr\/wp-json\/wp\/v2\/pages\/1376\/revisions\/1377"}],"wp:attachment":[{"href":"https:\/\/socialaccountabilityhealth.org\/fr\/wp-json\/wp\/v2\/media?parent=1376"}],"curies":[{"name":"wp","href":"https:\/\/api.w.org\/{rel}","templated":true}]}}