{"id":1378,"date":"2022-10-03T19:31:12","date_gmt":"2022-10-03T19:31:12","guid":{"rendered":"http:\/\/socialaccountabilityhealth.org\/como-comprar-un-ensayo-en-linea\/"},"modified":"2022-10-03T19:31:12","modified_gmt":"2022-10-03T19:31:12","slug":"como-comprar-un-ensayo-en-linea","status":"publish","type":"page","link":"https:\/\/socialaccountabilityhealth.org\/es\/como-comprar-un-ensayo-en-linea\/","title":{"rendered":"C\u00f3mo comprar un ensayo en l\u00ednea"},"content":{"rendered":"<\/p>\n<p>Si usted es una de las innumerables personas que quieren saber c\u00f3mo escribir un art\u00edculo en l\u00ednea, es probable que le cuente sobre una estrategia comprobada que le brindar\u00e1 varias buenas estrategias sobre la mejor manera de publicar un ensayo en l\u00ednea. La cantidad de estudiantes que optan por utilizar este m\u00e9todo ha crecido de manera constante en los \u00faltimos a\u00f1os y esta gu\u00eda<!--more--> le mostrar\u00e1 exactamente lo que necesita saber para comenzar.<\/p>\n<p>Hab\u00eda estado en mi mente hace <a href=\"https:\/\/spellcheck.top\/\">unos a\u00f1os cuando decid\u00ed<\/a> regresar a la universidad e investigar para componer mis propios trabajos universitarios. Mis padres me pidieron que los ayudara con algunas tareas de escritura para mi universidad y cre\u00ed que esta ser\u00eda una manera extremadamente maravillosa de pasar un tiempo entre estudio y estudio. Despu\u00e9s de que mis padres hicieran arreglos para que estuviera en casa durante los meses de verano, me invitaron a una cena de celebraci\u00f3n.<\/p>\n<p>Dijeron que era hora de que tuviera un nuevo enfoque en m\u00ed mismo y tomar mejores decisiones sobre mi carrera. Acababa de empezar a hacer ejercicio todos los d\u00edas y quer\u00eda revelar que estaba cumpliendo con mi horario, lo estaba haciendo muy bien.<\/p>\n<p>Cuando llegu\u00e9 a casa, les pregunt\u00e9 a mis padres c\u00f3mo obtener un ensayo en l\u00ednea y me dijeron que deber\u00eda comenzar a buscar becas para autores que se otorgaban en la universidad. Mi pap\u00e1 continu\u00f3 dici\u00e9ndome que cre\u00eda que era una gran idea y que hab\u00eda le\u00eddo varios art\u00edculos que dec\u00edan que muchos alumnos no eran los <a href=\"https:\/\/grammarcorrector.top\/punctuation-checker\">mejores correctores de puntuaci\u00f3n gratuitos<\/a> siguiendo esta alternativa. Pens\u00f3 que esta era una excelente manera de inspirarme para convertirme en autor y ten\u00eda raz\u00f3n.<\/p>\n<p>Deseaba ayudar a otras personas, as\u00ed que comenc\u00e9 a buscar formas de convertirme en escritor y, finalmente, comenzar una empresa de escritura en l\u00ednea. Despu\u00e9s de que descubr\u00ed este tipo de escritura, supe que necesitaba ser un autor en l\u00ednea, ya que era m\u00e1s desafiante que cualquier cosa que hubiera hecho antes.<\/p>\n<p>Mi padre hizo todo lo posible para alentarme a comprar ensayos en l\u00ednea, pero al principio dud\u00e9. Una vez que finalmente segu\u00ed adelante y compr\u00e9 el tema del art\u00edculo, descubr\u00ed que realmente disfrut\u00e9 el proceso y fue muy divertido.<\/p>\n<p>Tambi\u00e9n sab\u00eda que era importante escribir mi propio ensayo, as\u00ed que comenc\u00e9 a aprovecharlo al m\u00e1ximo. Me tom\u00f3 un tiempo pensar en las ideas, pero una vez que lo hice, logr\u00e9 reunir una composici\u00f3n brillante y bien escrita que me hizo sentir satisfecho conmigo mismo.<\/p>\n<p>Si est\u00e1 interesado en descubrir c\u00f3mo comprar un art\u00edculo en l\u00ednea, h\u00e1gase un favor y siga estas estrategias. S\u00e9 que me tom\u00f3 un tiempo comenzar, pero una vez que lo hice, pude escribir numerosos ensayos con los que estoy muy satisfecho.<\/p>\n","protected":false},"excerpt":{"rendered":"<p>Si usted es una de las innumerables personas que quieren saber c\u00f3mo escribir un art\u00edculo en l\u00ednea, es probable que le cuente sobre una estrategia comprobada que le brindar\u00e1 varias buenas estrategias sobre la mejor manera de publicar un ensayo en l\u00ednea. La cantidad de estudiantes que optan por utilizar este m\u00e9todo ha crecido de [&#8230;]\n","protected":false},"author":1,"featured_media":0,"parent":0,"menu_order":0,"comment_status":"closed","ping_status":"closed","template":"","meta":{"_acf_changed":false,"footnotes":""},"class_list":["post-1378","page","type-page","status-publish","hentry"],"acf":[],"_links":{"self":[{"href":"https:\/\/socialaccountabilityhealth.org\/es\/wp-json\/wp\/v2\/pages\/1378","targetHints":{"allow":["GET"]}}],"collection":[{"href":"https:\/\/socialaccountabilityhealth.org\/es\/wp-json\/wp\/v2\/pages"}],"about":[{"href":"https:\/\/socialaccountabilityhealth.org\/es\/wp-json\/wp\/v2\/types\/page"}],"author":[{"embeddable":true,"href":"https:\/\/socialaccountabilityhealth.org\/es\/wp-json\/wp\/v2\/users\/1"}],"replies":[{"embeddable":true,"href":"https:\/\/socialaccountabilityhealth.org\/es\/wp-json\/wp\/v2\/comments?post=1378"}],"version-history":[{"count":0,"href":"https:\/\/socialaccountabilityhealth.org\/es\/wp-json\/wp\/v2\/pages\/1378\/revisions"}],"wp:attachment":[{"href":"https:\/\/socialaccountabilityhealth.org\/es\/wp-json\/wp\/v2\/media?parent=1378"}],"curies":[{"name":"wp","href":"https:\/\/api.w.org\/{rel}","templated":true}]}}