{"id":1251,"date":"2021-03-31T08:34:02","date_gmt":"2021-03-31T08:34:02","guid":{"rendered":"http:\/\/socialaccountabilityhealth.org\/guia-institucional\/"},"modified":"2025-05-07T04:54:28","modified_gmt":"2025-05-07T04:54:28","slug":"guia-institucional-2","status":"publish","type":"page","link":"https:\/\/socialaccountabilityhealth.org\/es\/guia-institucional-2\/","title":{"rendered":"Gu\u00eda Institucional"},"content":{"rendered":"\t\t<div data-elementor-type=\"wp-page\" data-elementor-id=\"1251\" class=\"elementor elementor-1251 elementor-21\" data-elementor-post-type=\"page\">\n\t\t\t\t\t\t<section class=\"elementor-section elementor-top-section elementor-element elementor-element-7ea50632 elementor-section-boxed elementor-section-height-default elementor-section-height-default\" data-id=\"7ea50632\" data-element_type=\"section\" data-e-type=\"section\">\n\t\t\t\t\t\t<div class=\"elementor-container elementor-column-gap-default\">\n\t\t\t\t\t<div class=\"elementor-column elementor-col-100 elementor-top-column elementor-element elementor-element-51362ef0\" data-id=\"51362ef0\" data-element_type=\"column\" data-e-type=\"column\">\n\t\t\t<div class=\"elementor-widget-wrap elementor-element-populated\">\n\t\t\t\t\t\t<div class=\"elementor-element elementor-element-5e5e7f73 elementor-widget elementor-widget-text-editor\" data-id=\"5e5e7f73\" data-element_type=\"widget\" data-e-type=\"widget\" data-widget_type=\"text-editor.default\">\n\t\t\t\t<div class=\"elementor-widget-container\">\n\t\t\t\t\t\t\t\t\t\n\t<section class=\"section\" id=\"section_1529519304\">\n\t\t<div class=\"section-bg fill\" >\n\t\t\t\t\t\t\t\t\t\n\t\t\t\n\n\t\t<\/div>\n\n\t\t\n\n\t\t<div class=\"section-content relative\">\n\t\t\t\t<div id=\"gap-266734040\" class=\"gap-element clearfix\" style=\"display:block; height:auto;\">\n\t\t\n<style>\n#gap-266734040 {\n  padding-top: 51px;\n}\n@media (min-width:850px) {\n  #gap-266734040 {\n    padding-top: 70px;\n  }\n}\n<\/style>\n\t<\/div>\n\t<div class=\"row\"  id=\"row-2097290033\">\n\t<div id=\"col-618926251\" class=\"col small-12 large-12\"  >\n\t\t\t\t<div class=\"col-inner\"  >\n\t\t\t\n\t\t\t<h1>Visi\u00f3n general<\/h1><div class=\"is-divider divider clearfix\" style=\"margin-top:0.5em;margin-bottom:0.5em;max-width:100%;height:1px;background-color:rgb(0, 0, 0);\"><\/div>\t\t<\/div>\n\t\t\t\t\t<\/div>\n\n\t<\/div><div class=\"row\"  id=\"row-107837154\">\n\t<div id=\"col-2031677723\" class=\"col medium-6 small-12 large-6\"  >\n\t\t\t\t<div class=\"col-inner\"  >\n\t\t\t\n\t\t\t<p>Esta Herramienta de responsabilidad social de autoevaluaci\u00f3n institucional (ISAT) ayuda a las instituciones a ser m\u00e1s responsables socialmente ante el p\u00fablico y las personas a las que sirven. Es un sistema de calificaci\u00f3n imparcial, objetivo y basado en n\u00fameros para evaluar las instituciones de salud m\u00e1s conocidas y algunas menos conocidas del mundo, pero valiosas. ISAT incluye los siguientes componentes b\u00e1sicos: reclutamiento, selecci\u00f3n y apoyo de estudiantes, reclutamiento y desarrollo de profesores; qu\u00e9, c\u00f3mo y d\u00f3nde aprenden los estudiantes; Actividades de investigaci\u00f3n, gobernanza y participaci\u00f3n de las partes interesadas, resultados escolares, e impacto social. Cada componente central se divide en cuatro fases de desarrollo e incluye hitos, est\u00e1ndares e indicadores.<\/p>\t\t<\/div>\n\t\t\t\t\t<\/div>\n\n\t\n\t<div id=\"col-756132510\" class=\"col medium-6 small-12 large-6\"  >\n\t\t\t\t<div class=\"col-inner\"  >\n\t\t\t\n\t\t\t<p>El proceso de verificaci\u00f3n de ISAT demuestra la dedicaci\u00f3n de una instituci\u00f3n para responder a las necesidades de salud prioritarias de las personas y la sociedad hoy y en el futuro. Esta es una comunidad de l\u00edderes que impulsa un movimiento global de personas que utilizan la responsabilidad social como una fuerza para el bien. Brindamos estos perfiles institucionales para que el p\u00fablico pueda tomar decisiones inteligentes.<\/p>\t\t<\/div>\n\t\t\t\t\t<\/div>\n\n\t<\/div>\t\t<\/div>\n\n\t\t\n<style>\n#section_1529519304 {\n  padding-top: 0px;\n  padding-bottom: 0px;\n}\n<\/style>\n\t<\/section>\n\t\n\t<section class=\"section\" id=\"section_1303938077\">\n\t\t<div class=\"section-bg fill\" >\n\t\t\t\t\t\t\t\t\t\n\t\t\t\n\n\t\t<\/div>\n\n\t\t\n\n\t\t<div class=\"section-content relative\">\n\t\t\t\t<div id=\"gap-2046313754\" class=\"gap-element clearfix\" style=\"display:block; height:auto;\">\n\t\t\n<style>\n#gap-2046313754 {\n  padding-top: 35px;\n}\n<\/style>\n\t<\/div>\n\t<div class=\"row\"  id=\"row-425694100\">\n\t<div id=\"col-251049467\" class=\"col small-12 large-12\"  >\n\t\t\t\t<div class=\"col-inner\"  >\n\t\t\t\n\t\t\t<h1>Proceso<\/h1><div class=\"is-divider divider clearfix\" style=\"margin-top:0.5em;margin-bottom:0.5em;max-width:100%;height:1px;background-color:rgb(0, 0, 0);\"><\/div>\t\t<\/div>\n\t\t\t\t\t<\/div>\n\n\t<\/div><div class=\"row\"  id=\"row-760545637\">\n\t<div id=\"col-1647176264\" class=\"col medium-6 small-12 large-6\"  >\n\t\t\t\t<div class=\"col-inner\"  >\n\t\t\t\n\t\t\t<p>Esta herramienta de responsabilidad social de autoevaluaci\u00f3n institucional tiene como objetivo ayudar a las instituciones a ser m\u00e1s responsables socialmente ante el p\u00fablico y las personas a las que prestan servicios. Es un sistema de calificaci\u00f3n imparcial, objetivo y basado en n\u00fameros para evaluar las instituciones de salud m\u00e1s conocidas del mundo y algunas menos conocidas, pero valiosas. Espec\u00edficamente, esta herramienta examina tres \u00e1reas amplias del desempe\u00f1o de una instituci\u00f3n; su Fase de Desarrollo de acuerdo con los Est\u00e1ndares de Responsabilidad Social, Stakeholder<\/p>\t\t<\/div>\n\t\t\t\t\t<\/div>\n\n\t\n\t<div id=\"col-1118275510\" class=\"col medium-6 small-12 large-6\"  >\n\t\t\t\t<div class=\"col-inner\"  >\n\t\t\t\n\t\t\t<p>Compromiso y Planes de Acci\u00f3n para ser m\u00e1s Socialmente Responsables y Transparentes.\u00a0 These ratings are a stamp of approval by demonstrating an institutions dedication and progress. Se puede suponer que las instituciones que no figuran en la lista no han completado el proceso de evaluaci\u00f3n.\u00a0<\/p><p>A continuaci\u00f3n, encontrar\u00e1 la GU\u00cdA ISAT completa y la HERRAMIENTA ISAT para brindarle la historia, los antecedentes y los detalles de la herramienta para guiar a su instituci\u00f3n a trav\u00e9s del proceso de autoevaluaci\u00f3n ISAT.<\/p>\t\t<\/div>\n\t\t\t\t\t<\/div>\n\n\t<\/div>\t\t<\/div>\n\n\t\t\n<style>\n#section_1303938077 {\n  padding-top: 0px;\n  padding-bottom: 0px;\n}\n<\/style>\n\t<\/section>\n\t\t\t\t\t\t\t\t\t<\/div>\n\t\t\t\t<\/div>\n\t\t\t\t\t<\/div>\n\t\t<\/div>\n\t\t\t\t\t<\/div>\n\t\t<\/section>\n\t\t\t\t<section class=\"elementor-section elementor-top-section elementor-element elementor-element-dddd100 elementor-section-boxed elementor-section-height-default elementor-section-height-default\" data-id=\"dddd100\" data-element_type=\"section\" data-e-type=\"section\">\n\t\t\t\t\t\t<div class=\"elementor-container elementor-column-gap-default\">\n\t\t\t\t\t<div class=\"elementor-column elementor-col-100 elementor-top-column elementor-element elementor-element-e688bd4\" data-id=\"e688bd4\" data-element_type=\"column\" data-e-type=\"column\">\n\t\t\t<div class=\"elementor-widget-wrap elementor-element-populated\">\n\t\t\t\t\t\t<div class=\"elementor-element elementor-element-3042692 elementor-align-center elementor-widget elementor-widget-button\" data-id=\"3042692\" data-element_type=\"widget\" data-e-type=\"widget\" data-widget_type=\"button.default\">\n\t\t\t\t<div class=\"elementor-widget-container\">\n\t\t\t\t\t\t\t\t\t<div class=\"elementor-button-wrapper\">\n\t\t\t\t\t<a class=\"elementor-button elementor-button-link elementor-size-sm\" href=\"https:\/\/socialaccountabilityhealth.org\/wp-content\/uploads\/2025\/04\/ISAT_2.0_Guia-y-Herramienta-de-Autoevaluacion-Institucional-ISAT-SPANISH-1.pdf\" target=\"_blank\">\n\t\t\t\t\t\t<span class=\"elementor-button-content-wrapper\">\n\t\t\t\t\t\t\t\t\t<span class=\"elementor-button-text\">ISAT 2.0 Gu\u00eda y Herramienta de Autoevaluaci\u00f3n Institucional PDF<\/span>\n\t\t\t\t\t<\/span>\n\t\t\t\t\t<\/a>\n\t\t\t\t<\/div>\n\t\t\t\t\t\t\t\t<\/div>\n\t\t\t\t<\/div>\n\t\t\t\t<div class=\"elementor-element elementor-element-c18c599 elementor-align-center elementor-widget elementor-widget-button\" data-id=\"c18c599\" data-element_type=\"widget\" data-e-type=\"widget\" data-widget_type=\"button.default\">\n\t\t\t\t<div class=\"elementor-widget-container\">\n\t\t\t\t\t\t\t\t\t<div class=\"elementor-button-wrapper\">\n\t\t\t\t\t<a class=\"elementor-button elementor-button-link elementor-size-sm\" href=\"https:\/\/socialaccountabilityhealth.org\/wp-content\/uploads\/2025\/04\/ISAT-2.0-SPANISH-Aplicacion-Excel.xlsx\" target=\"_blank\">\n\t\t\t\t\t\t<span class=\"elementor-button-content-wrapper\">\n\t\t\t\t\t\t\t\t\t<span class=\"elementor-button-text\">Aplicaci\u00f3n Excel ISAT 2.0 en Espa\u00f1ol<\/span>\n\t\t\t\t\t<\/span>\n\t\t\t\t\t<\/a>\n\t\t\t\t<\/div>\n\t\t\t\t\t\t\t\t<\/div>\n\t\t\t\t<\/div>\n\t\t\t\t\t<\/div>\n\t\t<\/div>\n\t\t\t\t\t<\/div>\n\t\t<\/section>\n\t\t\t\t<section class=\"elementor-section elementor-top-section elementor-element elementor-element-12f2428 elementor-section-boxed elementor-section-height-default elementor-section-height-default\" data-id=\"12f2428\" data-element_type=\"section\" data-e-type=\"section\">\n\t\t\t\t\t\t<div class=\"elementor-container elementor-column-gap-default\">\n\t\t\t\t\t<div class=\"elementor-column elementor-col-100 elementor-top-column elementor-element elementor-element-cf600ba\" data-id=\"cf600ba\" data-element_type=\"column\" data-e-type=\"column\">\n\t\t\t<div class=\"elementor-widget-wrap elementor-element-populated\">\n\t\t\t\t\t\t<div class=\"elementor-element elementor-element-ad2c1d0 elementor-widget elementor-widget-video\" data-id=\"ad2c1d0\" data-element_type=\"widget\" data-e-type=\"widget\" data-settings=\"{&quot;youtube_url&quot;:&quot;https:\\\/\\\/youtu.be\\\/a4wa3DVO84I&quot;,&quot;video_type&quot;:&quot;youtube&quot;,&quot;controls&quot;:&quot;yes&quot;}\" data-widget_type=\"video.default\">\n\t\t\t\t<div class=\"elementor-widget-container\">\n\t\t\t\t\t\t\t<div class=\"elementor-wrapper elementor-open-inline\">\n\t\t\t<div class=\"elementor-video\"><\/div>\t\t<\/div>\n\t\t\t\t\t\t<\/div>\n\t\t\t\t<\/div>\n\t\t\t\t\t<\/div>\n\t\t<\/div>\n\t\t\t\t\t<\/div>\n\t\t<\/section>\n\t\t\t\t<section class=\"elementor-section elementor-top-section elementor-element elementor-element-4d51839 elementor-section-boxed elementor-section-height-default elementor-section-height-default\" data-id=\"4d51839\" data-element_type=\"section\" data-e-type=\"section\">\n\t\t\t\t\t\t<div class=\"elementor-container elementor-column-gap-default\">\n\t\t\t\t\t<div class=\"elementor-column elementor-col-100 elementor-top-column elementor-element elementor-element-94802bc\" data-id=\"94802bc\" data-element_type=\"column\" data-e-type=\"column\">\n\t\t\t<div class=\"elementor-widget-wrap elementor-element-populated\">\n\t\t\t\t\t\t<div class=\"elementor-element elementor-element-124ce19 elementor-widget elementor-widget-text-editor\" data-id=\"124ce19\" data-element_type=\"widget\" data-e-type=\"widget\" data-widget_type=\"text-editor.default\">\n\t\t\t\t<div class=\"elementor-widget-container\">\n\t\t\t\t\t\t\t\t\t<p><b data-stringify-type=\"bold\">C\u00f3mo habilitar subt\u00edtulos y traducciones en un video de YouTube (Espa\u00f1ol)<\/b><br \/>1. <b data-stringify-type=\"bold\">Abrir el video:<\/b>\u00a0Ve a YouTube y reproduce el video que deseas ver.<br \/>2. <b data-stringify-type=\"bold\">Activar subt\u00edtulos:<\/b><br \/>\u2022 Haz clic en el bot\u00f3n\u00a0<b data-stringify-type=\"bold\">\u201cCC\u201d<\/b>\u00a0en la parte inferior del video para habilitar los subt\u00edtulos.<br \/>3. <b data-stringify-type=\"bold\">Cambiar el idioma de los subt\u00edtulos:<\/b><br \/>\u2022 Haz clic en el\u00a0<b data-stringify-type=\"bold\">icono de engranaje<\/b>\u00a0(Configuraci\u00f3n).<br \/>\u2022 Selecciona\u00a0<b data-stringify-type=\"bold\">\u201cSubt\u00edtulos\/CC\u201d<\/b>\u00a0y elige tu idioma preferido.<br \/>\u2022 Si no ves tu idioma, selecciona\u00a0<b data-stringify-type=\"bold\">\u201cTraducci\u00f3n autom\u00e1tica\u201d<\/b>\u00a0y elige de la lista.<\/p>\t\t\t\t\t\t\t\t<\/div>\n\t\t\t\t<\/div>\n\t\t\t\t\t<\/div>\n\t\t<\/div>\n\t\t\t\t\t<\/div>\n\t\t<\/section>\n\t\t\t\t<\/div>\n\t\t","protected":false},"excerpt":{"rendered":"<p>ISAT 2.0 Gu\u00eda y Herramienta de Autoevaluaci\u00f3n Institucional PDF Aplicaci\u00f3n Excel ISAT 2.0 en Espa\u00f1ol https:\/\/youtu.be\/a4wa3DVO84I C\u00f3mo habilitar subt\u00edtulos y traducciones en un video de YouTube (Espa\u00f1ol)1. Abrir el video:\u00a0Ve a YouTube y reproduce el video que deseas ver.2. Activar subt\u00edtulos:\u2022 Haz clic en el bot\u00f3n\u00a0\u201cCC\u201d\u00a0en la parte inferior del video para habilitar los subt\u00edtulos.3. [&#8230;]\n","protected":false},"author":1,"featured_media":0,"parent":0,"menu_order":0,"comment_status":"closed","ping_status":"closed","template":"","meta":{"_acf_changed":false,"footnotes":""},"class_list":["post-1251","page","type-page","status-publish","hentry"],"acf":[],"_links":{"self":[{"href":"https:\/\/socialaccountabilityhealth.org\/es\/wp-json\/wp\/v2\/pages\/1251","targetHints":{"allow":["GET"]}}],"collection":[{"href":"https:\/\/socialaccountabilityhealth.org\/es\/wp-json\/wp\/v2\/pages"}],"about":[{"href":"https:\/\/socialaccountabilityhealth.org\/es\/wp-json\/wp\/v2\/types\/page"}],"author":[{"embeddable":true,"href":"https:\/\/socialaccountabilityhealth.org\/es\/wp-json\/wp\/v2\/users\/1"}],"replies":[{"embeddable":true,"href":"https:\/\/socialaccountabilityhealth.org\/es\/wp-json\/wp\/v2\/comments?post=1251"}],"version-history":[{"count":32,"href":"https:\/\/socialaccountabilityhealth.org\/es\/wp-json\/wp\/v2\/pages\/1251\/revisions"}],"predecessor-version":[{"id":2946,"href":"https:\/\/socialaccountabilityhealth.org\/es\/wp-json\/wp\/v2\/pages\/1251\/revisions\/2946"}],"wp:attachment":[{"href":"https:\/\/socialaccountabilityhealth.org\/es\/wp-json\/wp\/v2\/media?parent=1251"}],"curies":[{"name":"wp","href":"https:\/\/api.w.org\/{rel}","templated":true}]}}