{"id":1204,"date":"2021-08-25T09:31:49","date_gmt":"2021-08-25T09:31:49","guid":{"rendered":"http:\/\/socialaccountabilityhealth.org\/collagelista\/"},"modified":"2022-10-03T11:18:05","modified_gmt":"2022-10-03T11:18:05","slug":"collagelista","status":"publish","type":"page","link":"https:\/\/socialaccountabilityhealth.org\/es\/collagelista\/","title":{"rendered":"Collagelista"},"content":{"rendered":"\n<div id=\"filter-box\"><form class=\"filterform\"><span class=\"filter-label\">Filtrado por <\/span> <select class=\"filter-field\">\n<option>Filtrar por pa\u00eds<\/option>\n<\/select> <select class=\"filter-field\">\n<option>Filtrar por alfabetos opci\u00f3n<\/option>\n<\/select><\/form><\/div>\n<div class=\"collage-list-container\">\n<ul>\n<li>\n<div class=\"collage-list-image\"><img decoding=\"async\" src=\"http:\/\/socialaccountabilityhealth.org\/wp-content\/uploads\/2021\/08\/collage-list-icon1.png\" alt=\"imagen\"\/><\/div>\n<div class=\"collage-list-title\">\n<h2><a href=\"#\">T\u00edtulo va aqu\u00ed<\/a><\/h2>\n<\/div>\n<div class=\"collage-list-excerpt\">\n<p>Lorem Ipsum es simplemente un texto ficticio de la industria de la impresi\u00f3n y la composici\u00f3n tipogr\u00e1fica. Lorem Ipsum tiene<\/p>\n<\/div>\n<div class=\"collage-list-location\">\n<p style=\"margin-bottom:0\"><i class=\"icon-map-pin-fill\"><\/i> Pa\u00eds Estado<\/p>\n<\/div>\n<div class=\"collage-list-button\"><a href=\"#\">Ver m\u00e1s<\/a><\/div>\n\u200b \u200b<\/li>\n<li>\n<div class=\"collage-list-image\"><img decoding=\"async\" src=\"http:\/\/socialaccountabilityhealth.org\/wp-content\/uploads\/2021\/08\/collage-list-image2.png\" alt=\"imagen\"\/><\/div>\n<div class=\"collage-list-title\">\n<h2><a href=\"#\">T\u00edtulo va aqu\u00ed<\/a><\/h2>\n<\/div>\n<div class=\"collage-list-excerpt\">\n<p>Lorem Ipsum es simplemente un texto ficticio de la industria de la impresi\u00f3n y la composici\u00f3n tipogr\u00e1fica. Lorem Ipsum tiene <\/p>\n<\/div>\n<div class=\"collage-list-location\">\n<p style=\"margin-bottom:0\"><i class=\"icon-map-pin-fill\"><\/i> Pa\u00eds Estado<\/p>\n<\/div>\n<div class=\"collage-list-button\"><a href=\"#\">Ver m\u00e1s<\/a><\/div>\n\u200b \u200b<\/li>\n<li>\n<div class=\"collage-list-image\"><img decoding=\"async\" src=\"http:\/\/socialaccountabilityhealth.org\/wp-content\/uploads\/2021\/08\/collage-list-image3.png\" alt=\"imagen\"\/><\/div>\n<div class=\"collage-list-title\">\n<h2><a href=\"#\">T\u00edtulo va aqu\u00ed<\/a><\/h2>\n<\/div>\n<div class=\"collage-list-excerpt\">\n<p>Lorem Ipsum es simplemente un texto ficticio de la industria de la impresi\u00f3n y la composici\u00f3n tipogr\u00e1fica. Lorem Ipsum tiene<\/p>\n<\/div>\n<div class=\"collage-list-location\">\n<p style=\"margin-bottom:0\"><i class=\"icon-map-pin-fill\"><\/i> Pa\u00eds Estado<\/p>\n<\/div>\n<div class=\"collage-list-button\"><a href=\"#\">Ver m\u00e1s<\/a><\/div>\n\u200b \u200b<\/li>\n<li>\n<div class=\"collage-list-image\"><img decoding=\"async\" src=\"http:\/\/socialaccountabilityhealth.org\/wp-content\/uploads\/2021\/09\/education_logo.png\" alt=\"imagen\"\/><\/div>\n<div class=\"collage-list-title\">\n<h2><a href=\"#\">T\u00edtulo va aqu\u00ed<\/a><\/h2>\n<\/div>\n<div class=\"collage-list-excerpt\">\n<p>Lorem Ipsum es simplemente un texto ficticio de la industria de la impresi\u00f3n y la composici\u00f3n tipogr\u00e1fica. Lorem Ipsum tiene<\/p>\n<\/div>\n<div class=\"collage-list-location\">\n<p style=\"margin-bottom:0\"><i class=\"icon-map-pin-fill\"><\/i> Pa\u00eds Estado<\/p>\n<\/div>\n<div class=\"collage-list-button\"><a href=\"#\">Ver m\u00e1s<\/a><\/div>\n\u200b \u200b<\/li>\n<li>\n<div class=\"collage-list-image\"><img decoding=\"async\" src=\"http:\/\/socialaccountabilityhealth.org\/wp-content\/uploads\/2021\/09\/education_logo.png\" alt=\"imagen\"\/><\/div>\n<div class=\"collage-list-title\">\n<h2><a href=\"#\">T\u00edtulo va aqu\u00ed<\/a><\/h2>\n<\/div>\n<div class=\"collage-list-excerpt\">\n<p>Lorem Ipsum es simplemente un texto ficticio de la industria de la impresi\u00f3n y la composici\u00f3n tipogr\u00e1fica. Lorem Ipsum tiene <\/p>\n<\/div>\n<div class=\"collage-list-location\">\n<p style=\"margin-bottom:0\"><i class=\"icon-map-pin-fill\"><\/i> Pa\u00eds Estado<\/p>\n<\/div>\n<div class=\"collage-list-button\"><a href=\"#\">Ver m\u00e1s<\/a><\/div>\n\u200b \u200b<\/li>\n<li>\n<div class=\"collage-list-image\"><img decoding=\"async\" src=\"http:\/\/socialaccountabilityhealth.org\/wp-content\/uploads\/2021\/08\/collage-list-image3.png\" alt=\"imagen\"\/><\/div>\n<div class=\"collage-list-title\">\n<h2><a href=\"#\">T\u00edtulo va aqu\u00ed<\/a><\/h2>\n<\/div>\n<div class=\"collage-list-excerpt\">\n<p>Lorem Ipsum es simplemente un texto ficticio de la industria de la impresi\u00f3n y la composici\u00f3n tipogr\u00e1fica. Lorem Ipsum tiene <\/p>\n<\/div>\n<div class=\"collage-list-location\">\n<p style=\"margin-bottom:0\"><i class=\"icon-map-pin-fill\"><\/i> Pa\u00eds Estado<\/p>\n<\/div>\n<div class=\"collage-list-button\"><a href=\"#\">Ver m\u00e1s<\/a><\/div>\n\u200b<\/li>\n<li>\n<div class=\"collage-list-image\"><img decoding=\"async\" src=\"http:\/\/socialaccountabilityhealth.org\/wp-content\/uploads\/2021\/08\/collage-list-image2.png\" alt=\"imagen\"\/><\/div>\n<div class=\"collage-list-title\">\n<h2><a href=\"#\">T\u00edtulo va aqu\u00ed<\/a><\/h2>\n<\/div>\n<div class=\"collage-list-excerpt\">\n<p>Lorem Ipsum es simplemente un texto ficticio de la industria de la impresi\u00f3n y la composici\u00f3n tipogr\u00e1fica. Lorem Ipsum tiene <\/p>\n<\/div>\n<div class=\"collage-list-location\">\n<p style=\"margin-bottom:0\"><i class=\"icon-map-pin-fill\"><\/i> Pa\u00eds Estado<\/p>\n<\/div>\n<div class=\"collage-list-button\"><a href=\"#\">Ver m\u00e1s<\/a><\/div>\n\u200b \u200b<\/li>\n<li>\n<div class=\"collage-list-image\"><img decoding=\"async\" src=\"http:\/\/socialaccountabilityhealth.org\/wp-content\/uploads\/2021\/08\/collage-list-icon1.png\" alt=\"imagen\"\/><\/div>\n<div class=\"collage-list-title\">\n<h2><a href=\"#\">T\u00edtulo va aqu\u00ed<\/a><\/h2>\n<\/div>\n<div class=\"collage-list-excerpt\">\n<p>Lorem Ipsum es simplemente un texto ficticio de la industria de la impresi\u00f3n y la composici\u00f3n tipogr\u00e1fica. Lorem Ipsum tiene<\/p>\n<\/div>\n<div class=\"collage-list-location\">\n<p style=\"margin-bottom:0\"><i class=\"icon-map-pin-fill\"><\/i> Pa\u00eds Estado<\/p>\n<\/div>\n<div class=\"collage-list-button\"><a href=\"#\">Ver m\u00e1s<\/a><\/div>\n\u200b \u200b<\/li>\n<\/ul>\n\n<div class=\"collage-list-button view_more\"><a href=\"#\">Ver m\u00e1s<\/a><\/div>\n<\/div>\n","protected":false},"excerpt":{"rendered":"<p>Filtrado por Filtrar por pa\u00eds Filtrar por alfabetos opci\u00f3n T\u00edtulo va aqu\u00ed Lorem Ipsum es simplemente un texto ficticio de la industria de la impresi\u00f3n y la composici\u00f3n tipogr\u00e1fica. Lorem Ipsum tiene Pa\u00eds Estado Ver m\u00e1s \u200b \u200b T\u00edtulo va aqu\u00ed Lorem Ipsum es simplemente un texto ficticio de la industria de la impresi\u00f3n y [&#8230;]\n","protected":false},"author":1,"featured_media":0,"parent":0,"menu_order":0,"comment_status":"closed","ping_status":"closed","template":"","meta":{"_acf_changed":false,"footnotes":""},"class_list":["post-1204","page","type-page","status-publish","hentry"],"acf":[],"_links":{"self":[{"href":"https:\/\/socialaccountabilityhealth.org\/es\/wp-json\/wp\/v2\/pages\/1204","targetHints":{"allow":["GET"]}}],"collection":[{"href":"https:\/\/socialaccountabilityhealth.org\/es\/wp-json\/wp\/v2\/pages"}],"about":[{"href":"https:\/\/socialaccountabilityhealth.org\/es\/wp-json\/wp\/v2\/types\/page"}],"author":[{"embeddable":true,"href":"https:\/\/socialaccountabilityhealth.org\/es\/wp-json\/wp\/v2\/users\/1"}],"replies":[{"embeddable":true,"href":"https:\/\/socialaccountabilityhealth.org\/es\/wp-json\/wp\/v2\/comments?post=1204"}],"version-history":[{"count":1,"href":"https:\/\/socialaccountabilityhealth.org\/es\/wp-json\/wp\/v2\/pages\/1204\/revisions"}],"predecessor-version":[{"id":1205,"href":"https:\/\/socialaccountabilityhealth.org\/es\/wp-json\/wp\/v2\/pages\/1204\/revisions\/1205"}],"wp:attachment":[{"href":"https:\/\/socialaccountabilityhealth.org\/es\/wp-json\/wp\/v2\/media?parent=1204"}],"curies":[{"name":"wp","href":"https:\/\/api.w.org\/{rel}","templated":true}]}}