{"id":1128,"date":"2022-10-03T06:14:49","date_gmt":"2022-10-03T06:14:49","guid":{"rendered":"http:\/\/socialaccountabilityhealth.org\/oversight-committees\/"},"modified":"2022-10-19T05:01:13","modified_gmt":"2022-10-19T05:01:13","slug":"oversight-committees","status":"publish","type":"page","link":"https:\/\/socialaccountabilityhealth.org\/es\/oversight-committees\/","title":{"rendered":"OVERSIGHT COMMITTEES"},"content":{"rendered":"\t\t<div data-elementor-type=\"wp-page\" data-elementor-id=\"1128\" class=\"elementor elementor-1128 elementor-980\" data-elementor-post-type=\"page\">\n\t\t\t\t\t\t<section class=\"elementor-section elementor-top-section elementor-element elementor-element-2224cde elementor-section-boxed elementor-section-height-default elementor-section-height-default\" data-id=\"2224cde\" data-element_type=\"section\" data-e-type=\"section\">\n\t\t\t\t\t\t<div class=\"elementor-container elementor-column-gap-default\">\n\t\t\t\t\t<div class=\"elementor-column elementor-col-100 elementor-top-column elementor-element elementor-element-7a33b06\" data-id=\"7a33b06\" data-element_type=\"column\" data-e-type=\"column\">\n\t\t\t<div class=\"elementor-widget-wrap elementor-element-populated\">\n\t\t\t\t\t\t<div class=\"elementor-element elementor-element-47f03d2 elementor-widget elementor-widget-text-editor\" data-id=\"47f03d2\" data-element_type=\"widget\" data-e-type=\"widget\" data-widget_type=\"text-editor.default\">\n\t\t\t\t<div class=\"elementor-widget-container\">\n\t\t\t\t\t\t\t\t\t<h1>Los comit\u00e9s de supervisi\u00f3n de ISAT<\/h1><p>Nuestros comit\u00e9s de supervisi\u00f3n de ISAT desempe\u00f1an un papel importante en la revisi\u00f3n de las solicitudes de ISAT de las instituciones educativas de profesiones de la salud de todo el mundo. Cada Comit\u00e9 de Vigilancia est\u00e1 integrado por representantes de instituciones que tienen el conocimiento y la pr\u00e1ctica en responsabilidad social. Para ampliar el alcance del ISAT m\u00e1s all\u00e1 de las instituciones de habla inglesa, hemos desarrollado Comit\u00e9s de Supervisi\u00f3n para revisar las solicitudes en los siguientes idiomas: espa\u00f1ol, portugu\u00e9s y franc\u00e9s. Extendemos nuestra gratitud a todos los miembros del Comit\u00e9 de Supervisi\u00f3n que ofrecen voluntariamente su tiempo y experiencia, en la b\u00fasqueda del desarrollo de instituciones socialmente responsables.<\/p>\t\t\t\t\t\t\t\t<\/div>\n\t\t\t\t<\/div>\n\t\t\t\t\t<\/div>\n\t\t<\/div>\n\t\t\t\t\t<\/div>\n\t\t<\/section>\n\t\t\t\t<section class=\"elementor-section elementor-top-section elementor-element elementor-element-13f5ebb our_commmeeti elementor-section-boxed elementor-section-height-default elementor-section-height-default\" data-id=\"13f5ebb\" data-element_type=\"section\" data-e-type=\"section\">\n\t\t\t\t\t\t<div class=\"elementor-container elementor-column-gap-default\">\n\t\t\t\t\t<div class=\"elementor-column elementor-col-33 elementor-top-column elementor-element elementor-element-1ee09c7\" data-id=\"1ee09c7\" data-element_type=\"column\" data-e-type=\"column\">\n\t\t\t<div class=\"elementor-widget-wrap elementor-element-populated\">\n\t\t\t\t\t\t<div class=\"elementor-element elementor-element-b06addd elementor-position-top elementor-widget elementor-widget-image-box\" data-id=\"b06addd\" data-element_type=\"widget\" data-e-type=\"widget\" data-widget_type=\"image-box.default\">\n\t\t\t\t<div class=\"elementor-widget-container\">\n\t\t\t\t\t<div class=\"elementor-image-box-wrapper\"><figure class=\"elementor-image-box-img\"><img fetchpriority=\"high\" decoding=\"async\" width=\"418\" height=\"410\" src=\"https:\/\/socialaccountabilityhealth.org\/wp-content\/uploads\/2022\/10\/Jose-Garcia-Gutierrez.png\" class=\"attachment-full size-full wp-image-1049\" alt=\"\" srcset=\"https:\/\/socialaccountabilityhealth.org\/wp-content\/uploads\/2022\/10\/Jose-Garcia-Gutierrez.png 418w, https:\/\/socialaccountabilityhealth.org\/wp-content\/uploads\/2022\/10\/Jose-Garcia-Gutierrez-300x294.png 300w\" sizes=\"(max-width: 418px) 100vw, 418px\" \/><\/figure><div class=\"elementor-image-box-content\"><h3 class=\"elementor-image-box-title\">Jose Garcia Gutierrez<\/h3><p class=\"elementor-image-box-description\"> PAHO\/WHO<span class=\"flag_icn\"><img decoding=\"async\" src=\"http:\/\/socialaccountabilityhealth.org\/wp-content\/uploads\/2022\/10\/WHO_flag.png\" width=\"25px\" title=\"WHO\"><\/span><\/p><\/div><\/div>\t\t\t\t<\/div>\n\t\t\t\t<\/div>\n\t\t\t\t\t<\/div>\n\t\t<\/div>\n\t\t\t\t<div class=\"elementor-column elementor-col-33 elementor-top-column elementor-element elementor-element-97a77e0\" data-id=\"97a77e0\" data-element_type=\"column\" data-e-type=\"column\">\n\t\t\t<div class=\"elementor-widget-wrap elementor-element-populated\">\n\t\t\t\t\t\t<div class=\"elementor-element elementor-element-697db23 elementor-position-top elementor-widget elementor-widget-image-box\" data-id=\"697db23\" data-element_type=\"widget\" data-e-type=\"widget\" data-widget_type=\"image-box.default\">\n\t\t\t\t<div class=\"elementor-widget-container\">\n\t\t\t\t\t<div class=\"elementor-image-box-wrapper\"><figure class=\"elementor-image-box-img\"><img decoding=\"async\" width=\"2000\" height=\"1333\" src=\"https:\/\/socialaccountabilityhealth.org\/wp-content\/uploads\/2022\/10\/Larisa-Carrera.jpg\" class=\"attachment-full size-full wp-image-985\" alt=\"\" srcset=\"https:\/\/socialaccountabilityhealth.org\/wp-content\/uploads\/2022\/10\/Larisa-Carrera.jpg 2000w, https:\/\/socialaccountabilityhealth.org\/wp-content\/uploads\/2022\/10\/Larisa-Carrera-300x200.jpg 300w, https:\/\/socialaccountabilityhealth.org\/wp-content\/uploads\/2022\/10\/Larisa-Carrera-1024x682.jpg 1024w, https:\/\/socialaccountabilityhealth.org\/wp-content\/uploads\/2022\/10\/Larisa-Carrera-768x512.jpg 768w, https:\/\/socialaccountabilityhealth.org\/wp-content\/uploads\/2022\/10\/Larisa-Carrera-1536x1024.jpg 1536w, https:\/\/socialaccountabilityhealth.org\/wp-content\/uploads\/2022\/10\/Larisa-Carrera-600x400.jpg 600w\" sizes=\"(max-width: 2000px) 100vw, 2000px\" \/><\/figure><div class=\"elementor-image-box-content\"><h3 class=\"elementor-image-box-title\">Larisa Carrera<\/h3><p class=\"elementor-image-box-description\">UNL, Argentina<span class=\"flag_icn\"><img decoding=\"async\" src=\"http:\/\/socialaccountabilityhealth.org\/wp-content\/uploads\/2022\/10\/argentina_flag.png\" width=\"25px\" title=\"Argentina\"><\/span>                                                                                                                                     <\/p><\/div><\/div>\t\t\t\t<\/div>\n\t\t\t\t<\/div>\n\t\t\t\t\t<\/div>\n\t\t<\/div>\n\t\t\t\t<div class=\"elementor-column elementor-col-33 elementor-top-column elementor-element elementor-element-ed008c8\" data-id=\"ed008c8\" data-element_type=\"column\" data-e-type=\"column\">\n\t\t\t<div class=\"elementor-widget-wrap elementor-element-populated\">\n\t\t\t\t\t\t<div class=\"elementor-element elementor-element-edb266b elementor-position-top elementor-widget elementor-widget-image-box\" data-id=\"edb266b\" data-element_type=\"widget\" data-e-type=\"widget\" data-widget_type=\"image-box.default\">\n\t\t\t\t<div class=\"elementor-widget-container\">\n\t\t\t\t\t<div class=\"elementor-image-box-wrapper\"><figure class=\"elementor-image-box-img\"><img decoding=\"async\" width=\"2000\" height=\"1333\" src=\"https:\/\/socialaccountabilityhealth.org\/wp-content\/uploads\/2022\/10\/Liza-Carrera.jpg\" class=\"attachment-full size-full wp-image-997\" alt=\"\" srcset=\"https:\/\/socialaccountabilityhealth.org\/wp-content\/uploads\/2022\/10\/Liza-Carrera.jpg 2000w, https:\/\/socialaccountabilityhealth.org\/wp-content\/uploads\/2022\/10\/Liza-Carrera-300x200.jpg 300w, https:\/\/socialaccountabilityhealth.org\/wp-content\/uploads\/2022\/10\/Liza-Carrera-1024x682.jpg 1024w, https:\/\/socialaccountabilityhealth.org\/wp-content\/uploads\/2022\/10\/Liza-Carrera-768x512.jpg 768w, https:\/\/socialaccountabilityhealth.org\/wp-content\/uploads\/2022\/10\/Liza-Carrera-1536x1024.jpg 1536w, https:\/\/socialaccountabilityhealth.org\/wp-content\/uploads\/2022\/10\/Liza-Carrera-600x400.jpg 600w\" sizes=\"(max-width: 2000px) 100vw, 2000px\" \/><\/figure><div class=\"elementor-image-box-content\"><h3 class=\"elementor-image-box-title\">Liza Carrera<\/h3><p class=\"elementor-image-box-description\">UNL, Argentina<span class=\"flag_icn\"><img decoding=\"async\" src=\"http:\/\/socialaccountabilityhealth.org\/wp-content\/uploads\/2022\/10\/argentina_flag.png\" width=\"25px\" title=\"Argentina\"><\/span> <\/p><\/div><\/div>\t\t\t\t<\/div>\n\t\t\t\t<\/div>\n\t\t\t\t\t<\/div>\n\t\t<\/div>\n\t\t\t\t\t<\/div>\n\t\t<\/section>\n\t\t\t\t<section class=\"elementor-section elementor-top-section elementor-element elementor-element-e5e1885 our_commmeeti elementor-section-boxed elementor-section-height-default elementor-section-height-default\" data-id=\"e5e1885\" data-element_type=\"section\" data-e-type=\"section\">\n\t\t\t\t\t\t<div class=\"elementor-container elementor-column-gap-default\">\n\t\t\t\t\t<div class=\"elementor-column elementor-col-33 elementor-top-column elementor-element elementor-element-f8dbb47\" data-id=\"f8dbb47\" data-element_type=\"column\" data-e-type=\"column\">\n\t\t\t<div class=\"elementor-widget-wrap elementor-element-populated\">\n\t\t\t\t\t\t<div class=\"elementor-element elementor-element-69788ae elementor-position-top elementor-widget elementor-widget-image-box\" data-id=\"69788ae\" data-element_type=\"widget\" data-e-type=\"widget\" data-widget_type=\"image-box.default\">\n\t\t\t\t<div class=\"elementor-widget-container\">\n\t\t\t\t\t<div class=\"elementor-image-box-wrapper\"><figure class=\"elementor-image-box-img\"><img loading=\"lazy\" decoding=\"async\" width=\"1146\" height=\"998\" src=\"https:\/\/socialaccountabilityhealth.org\/wp-content\/uploads\/2022\/10\/Yelena-Kuttel.png\" class=\"attachment-full size-full wp-image-1025\" alt=\"\" srcset=\"https:\/\/socialaccountabilityhealth.org\/wp-content\/uploads\/2022\/10\/Yelena-Kuttel.png 1146w, https:\/\/socialaccountabilityhealth.org\/wp-content\/uploads\/2022\/10\/Yelena-Kuttel-300x261.png 300w, https:\/\/socialaccountabilityhealth.org\/wp-content\/uploads\/2022\/10\/Yelena-Kuttel-1024x892.png 1024w, https:\/\/socialaccountabilityhealth.org\/wp-content\/uploads\/2022\/10\/Yelena-Kuttel-768x669.png 768w, https:\/\/socialaccountabilityhealth.org\/wp-content\/uploads\/2022\/10\/Yelena-Kuttel-600x523.png 600w\" sizes=\"(max-width: 1146px) 100vw, 1146px\" \/><\/figure><div class=\"elementor-image-box-content\"><h3 class=\"elementor-image-box-title\">Yelena Kuttel<\/h3><p class=\"elementor-image-box-description\">UNL, Argentina <span class=\"flag_icn\"><img decoding=\"async\" src=\"http:\/\/socialaccountabilityhealth.org\/wp-content\/uploads\/2022\/10\/argentina_flag.png\" width=\"25px\" title=\"Argentina\"><\/span> <\/p><\/div><\/div>\t\t\t\t<\/div>\n\t\t\t\t<\/div>\n\t\t\t\t\t<\/div>\n\t\t<\/div>\n\t\t\t\t<div class=\"elementor-column elementor-col-33 elementor-top-column elementor-element elementor-element-68f661f\" data-id=\"68f661f\" data-element_type=\"column\" data-e-type=\"column\">\n\t\t\t<div class=\"elementor-widget-wrap elementor-element-populated\">\n\t\t\t\t\t\t<div class=\"elementor-element elementor-element-f19379e elementor-position-top elementor-widget elementor-widget-image-box\" data-id=\"f19379e\" data-element_type=\"widget\" data-e-type=\"widget\" data-widget_type=\"image-box.default\">\n\t\t\t\t<div class=\"elementor-widget-container\">\n\t\t\t\t\t<div class=\"elementor-image-box-wrapper\"><figure class=\"elementor-image-box-img\"><img loading=\"lazy\" decoding=\"async\" width=\"435\" height=\"435\" src=\"https:\/\/socialaccountabilityhealth.org\/wp-content\/uploads\/2022\/10\/Vero\u0301nica-Levental.jpeg\" class=\"attachment-full size-full wp-image-1013\" alt=\"\" srcset=\"https:\/\/socialaccountabilityhealth.org\/wp-content\/uploads\/2022\/10\/Vero\u0301nica-Levental.jpeg 435w, https:\/\/socialaccountabilityhealth.org\/wp-content\/uploads\/2022\/10\/Vero\u0301nica-Levental-300x300.jpeg 300w, https:\/\/socialaccountabilityhealth.org\/wp-content\/uploads\/2022\/10\/Vero\u0301nica-Levental-150x150.jpeg 150w, https:\/\/socialaccountabilityhealth.org\/wp-content\/uploads\/2022\/10\/Vero\u0301nica-Levental-100x100.jpeg 100w\" sizes=\"(max-width: 435px) 100vw, 435px\" \/><\/figure><div class=\"elementor-image-box-content\"><h3 class=\"elementor-image-box-title\">Ver\u00f3nica Levental<\/h3><p class=\"elementor-image-box-description\">UNL, Argentina<span class=\"flag_icn\"><img decoding=\"async\" src=\"http:\/\/socialaccountabilityhealth.org\/wp-content\/uploads\/2022\/10\/argentina_flag.png\" width=\"25px\" title=\"Argentina\"><\/span> <\/p><\/div><\/div>\t\t\t\t<\/div>\n\t\t\t\t<\/div>\n\t\t\t\t\t<\/div>\n\t\t<\/div>\n\t\t\t\t<div class=\"elementor-column elementor-col-33 elementor-top-column elementor-element elementor-element-05d8993\" data-id=\"05d8993\" data-element_type=\"column\" data-e-type=\"column\">\n\t\t\t<div class=\"elementor-widget-wrap elementor-element-populated\">\n\t\t\t\t\t\t<div class=\"elementor-element elementor-element-6761292 elementor-position-top elementor-widget elementor-widget-image-box\" data-id=\"6761292\" data-element_type=\"widget\" data-e-type=\"widget\" data-widget_type=\"image-box.default\">\n\t\t\t\t<div class=\"elementor-widget-container\">\n\t\t\t\t\t<div class=\"elementor-image-box-wrapper\"><figure class=\"elementor-image-box-img\"><img loading=\"lazy\" decoding=\"async\" width=\"300\" height=\"300\" src=\"https:\/\/socialaccountabilityhealth.org\/wp-content\/uploads\/2022\/10\/Karla-Alejandra.jpeg\" class=\"attachment-full size-full wp-image-1744\" alt=\"\" srcset=\"https:\/\/socialaccountabilityhealth.org\/wp-content\/uploads\/2022\/10\/Karla-Alejandra.jpeg 300w, https:\/\/socialaccountabilityhealth.org\/wp-content\/uploads\/2022\/10\/Karla-Alejandra-150x150.jpeg 150w, https:\/\/socialaccountabilityhealth.org\/wp-content\/uploads\/2022\/10\/Karla-Alejandra-100x100.jpeg 100w\" sizes=\"(max-width: 300px) 100vw, 300px\" \/><\/figure><div class=\"elementor-image-box-content\"><h3 class=\"elementor-image-box-title\">Karla Alejandra<\/h3><p class=\"elementor-image-box-description\">TUFH\/SNO, Mexico<span class=\"flag_icn\"><img decoding=\"async\" src=\"http:\/\/socialaccountabilityhealth.org\/wp-content\/uploads\/2022\/10\/mexico_flag.png\" width=\"25px\" title=\"Argentina\"><\/span> <\/p><\/div><\/div>\t\t\t\t<\/div>\n\t\t\t\t<\/div>\n\t\t\t\t\t<\/div>\n\t\t<\/div>\n\t\t\t\t\t<\/div>\n\t\t<\/section>\n\t\t\t\t<\/div>\n\t\t","protected":false},"excerpt":{"rendered":"<p>Los comit\u00e9s de supervisi\u00f3n de ISAT Nuestros comit\u00e9s de supervisi\u00f3n de ISAT desempe\u00f1an un papel importante en la revisi\u00f3n de las solicitudes de ISAT de las instituciones educativas de profesiones de la salud de todo el mundo. Cada Comit\u00e9 de Vigilancia est\u00e1 integrado por representantes de instituciones que tienen el conocimiento y la pr\u00e1ctica en [&#8230;]\n","protected":false},"author":1,"featured_media":0,"parent":0,"menu_order":0,"comment_status":"closed","ping_status":"closed","template":"","meta":{"_acf_changed":false,"footnotes":""},"class_list":["post-1128","page","type-page","status-publish","hentry"],"acf":[],"_links":{"self":[{"href":"https:\/\/socialaccountabilityhealth.org\/es\/wp-json\/wp\/v2\/pages\/1128","targetHints":{"allow":["GET"]}}],"collection":[{"href":"https:\/\/socialaccountabilityhealth.org\/es\/wp-json\/wp\/v2\/pages"}],"about":[{"href":"https:\/\/socialaccountabilityhealth.org\/es\/wp-json\/wp\/v2\/types\/page"}],"author":[{"embeddable":true,"href":"https:\/\/socialaccountabilityhealth.org\/es\/wp-json\/wp\/v2\/users\/1"}],"replies":[{"embeddable":true,"href":"https:\/\/socialaccountabilityhealth.org\/es\/wp-json\/wp\/v2\/comments?post=1128"}],"version-history":[{"count":5,"href":"https:\/\/socialaccountabilityhealth.org\/es\/wp-json\/wp\/v2\/pages\/1128\/revisions"}],"predecessor-version":[{"id":1753,"href":"https:\/\/socialaccountabilityhealth.org\/es\/wp-json\/wp\/v2\/pages\/1128\/revisions\/1753"}],"wp:attachment":[{"href":"https:\/\/socialaccountabilityhealth.org\/es\/wp-json\/wp\/v2\/media?parent=1128"}],"curies":[{"name":"wp","href":"https:\/\/api.w.org\/{rel}","templated":true}]}}